{"id":2296,"date":"2020-07-30T10:58:47","date_gmt":"2020-07-30T08:58:47","guid":{"rendered":"https:\/\/marquesdevaldueza.com\/producto\/gift-box-book-green-bottle-wine-bird-plus-red-label-marques-valdueza-750-ml\/"},"modified":"2020-07-30T10:58:47","modified_gmt":"2020-07-30T08:58:47","slug":"gift-box-book-green-bottle-wine-bird-plus-red-label-marques-valdueza-750-ml","status":"publish","type":"product","link":"https:\/\/marquesdevaldueza.com\/en\/producto\/gift-box-book-green-bottle-wine-bird-plus-red-label-marques-valdueza-750-ml\/","title":{"rendered":"Green book gift box with a bottle of red wine Valdueza &#8220;El P\u00e1jaro&#8221; 750 ml + a bottle  Red Label 750 ml red wine Marqu\u00e9s de Valdueza"},"content":{"rendered":"<h2>Marqu\u00e9s de Valdueza Gift Box<\/h2>\n<h4>1 bottle of wine &#8220;El P\u00e1jaro&#8221; 750ml + 1 bottle of Red Label 750ml<\/h4>\n<h4><strong>Red Label Wine<\/strong><\/h4>\n<p>It is a more serious wine, where we have managed to combine the freshness and elegance of Cabernet-Sauvignon (62% and without any aggressiveness in the mouth), with the sweetness of Syrah (38%).<\/p>\n<p>Aged for 12 months in French oak barrels (with a predominance of new barrels) allows us to deliver a wine that can be enjoyed today and for the next 4 years.<\/p>\n<p>Ideal to accompany more elaborate meals.<\/p>\n<h4><strong>The Bird Wine\u00a0<\/strong><\/h4>\n<p>He is the little brother of the family. A wine that we have imagined for all times. An easy red that can be enjoyed today and for the next two years.<\/p>\n<p>Merlot (67%) and Syrah (11%) give it fruit and softness. Cabernet-Sauvignon (22%) provides freshness and liveliness. 53% of the wine is aged for 12 months in a stainless steel tank, which allows it to conserve its fruit and energy. The rest of the wine is aged for 12 months in French oak barrels (new, 1 or 2 years old) to achieve a velvety touch.<\/p>\n<p>It is the ideal wine to accompany everyday food.<\/p>\n","protected":false},"excerpt":{"rendered":"<p>Marqu\u00e9s de Valdueza Gift Box 1 bottle of wine &#8220;El P\u00e1jaro&#8221; 750ml + 1 bottle of Red Label 750ml Red Label Wine It is a more serious wine, where we have managed to combine the freshness and elegance of Cabernet-Sauvignon (62% and without any aggressiveness in the mouth), with the sweetness of Syrah (38%). Aged for 12 months in French oak barrels (with a predominance of new barrels) allows us to deliver a wine that can be enjoyed today and<span class=\"excerpt-hellip\"> [\u2026]<\/span><\/p>\n","protected":false},"featured_media":2201,"comment_status":"open","ping_status":"closed","template":"","meta":[],"product_cat":[127],"product_tag":[157,155,152,134],"yoast_head":"<!-- This site is optimized with the Yoast SEO plugin v22.6 - https:\/\/yoast.com\/wordpress\/plugins\/seo\/ -->\n<title>Bird wine bottle gift box plus a red label bottle<\/title>\n<meta name=\"description\" content=\"Gourmet gift Marqu\u00e9s de Valdueza two bottles of red wine from the best selection. Bottle of the Bird, the youngest along with the elegant Red label.\" \/>\n<meta name=\"robots\" content=\"index, follow, max-snippet:-1, max-image-preview:large, max-video-preview:-1\" \/>\n<link rel=\"canonical\" href=\"https:\/\/marquesdevaldueza.com\/en\/producto\/gift-box-book-green-bottle-wine-bird-plus-red-label-marques-valdueza-750-ml\/\" \/>\n<meta property=\"og:locale\" content=\"en_US\" \/>\n<meta property=\"og:type\" content=\"article\" \/>\n<meta property=\"og:title\" content=\"Bird wine bottle gift box plus a red label bottle\" \/>\n<meta property=\"og:description\" content=\"Gourmet gift Marqu\u00e9s de Valdueza two bottles of red wine from the best selection. Bottle of the Bird, the youngest along with the elegant Red label.\" \/>\n<meta property=\"og:url\" content=\"https:\/\/marquesdevaldueza.com\/en\/producto\/gift-box-book-green-bottle-wine-bird-plus-red-label-marques-valdueza-750-ml\/\" \/>\n<meta property=\"og:site_name\" content=\"Marqu\u00e9s de Valdueza\" \/>\n<meta property=\"og:image\" content=\"https:\/\/marquesdevaldueza.com\/wp-content\/uploads\/2020\/07\/estuche-regalo-libro-verde-botella-pajaro-botella-etiquetaroja.png\" \/>\n\t<meta property=\"og:image:width\" content=\"675\" \/>\n\t<meta property=\"og:image:height\" content=\"956\" \/>\n\t<meta property=\"og:image:type\" content=\"image\/png\" \/>\n<meta name=\"twitter:card\" content=\"summary_large_image\" \/>\n<meta name=\"twitter:label1\" content=\"Est. reading time\" \/>\n\t<meta name=\"twitter:data1\" content=\"1 minute\" \/>\n<script type=\"application\/ld+json\" class=\"yoast-schema-graph\">{\"@context\":\"https:\/\/schema.org\",\"@graph\":[{\"@type\":\"WebPage\",\"@id\":\"https:\/\/marquesdevaldueza.com\/en\/producto\/gift-box-book-green-bottle-wine-bird-plus-red-label-marques-valdueza-750-ml\/\",\"url\":\"https:\/\/marquesdevaldueza.com\/en\/producto\/gift-box-book-green-bottle-wine-bird-plus-red-label-marques-valdueza-750-ml\/\",\"name\":\"Bird wine bottle gift box plus a red label bottle\",\"isPartOf\":{\"@id\":\"https:\/\/marquesdevaldueza.com\/en\/#website\"},\"primaryImageOfPage\":{\"@id\":\"https:\/\/marquesdevaldueza.com\/en\/producto\/gift-box-book-green-bottle-wine-bird-plus-red-label-marques-valdueza-750-ml\/#primaryimage\"},\"image\":{\"@id\":\"https:\/\/marquesdevaldueza.com\/en\/producto\/gift-box-book-green-bottle-wine-bird-plus-red-label-marques-valdueza-750-ml\/#primaryimage\"},\"thumbnailUrl\":\"https:\/\/marquesdevaldueza.com\/wp-content\/uploads\/2020\/07\/estuche-regalo-libro-verde-botella-pajaro-botella-etiquetaroja.png\",\"datePublished\":\"2020-07-30T08:58:47+00:00\",\"dateModified\":\"2020-07-30T08:58:47+00:00\",\"description\":\"Gourmet gift Marqu\u00e9s de Valdueza two bottles of red wine from the best selection. Bottle of the Bird, the youngest along with the elegant Red label.\",\"breadcrumb\":{\"@id\":\"https:\/\/marquesdevaldueza.com\/en\/producto\/gift-box-book-green-bottle-wine-bird-plus-red-label-marques-valdueza-750-ml\/#breadcrumb\"},\"inLanguage\":\"en-US\",\"potentialAction\":[{\"@type\":\"ReadAction\",\"target\":[\"https:\/\/marquesdevaldueza.com\/en\/producto\/gift-box-book-green-bottle-wine-bird-plus-red-label-marques-valdueza-750-ml\/\"]}]},{\"@type\":\"ImageObject\",\"inLanguage\":\"en-US\",\"@id\":\"https:\/\/marquesdevaldueza.com\/en\/producto\/gift-box-book-green-bottle-wine-bird-plus-red-label-marques-valdueza-750-ml\/#primaryimage\",\"url\":\"https:\/\/marquesdevaldueza.com\/wp-content\/uploads\/2020\/07\/estuche-regalo-libro-verde-botella-pajaro-botella-etiquetaroja.png\",\"contentUrl\":\"https:\/\/marquesdevaldueza.com\/wp-content\/uploads\/2020\/07\/estuche-regalo-libro-verde-botella-pajaro-botella-etiquetaroja.png\",\"width\":675,\"height\":956},{\"@type\":\"BreadcrumbList\",\"@id\":\"https:\/\/marquesdevaldueza.com\/en\/producto\/gift-box-book-green-bottle-wine-bird-plus-red-label-marques-valdueza-750-ml\/#breadcrumb\",\"itemListElement\":[{\"@type\":\"ListItem\",\"position\":1,\"name\":\"Portada\",\"item\":\"https:\/\/marquesdevaldueza.com\/en\/\"},{\"@type\":\"ListItem\",\"position\":2,\"name\":\"Shop\",\"item\":\"https:\/\/marquesdevaldueza.com\/en\/shop\/\"},{\"@type\":\"ListItem\",\"position\":3,\"name\":\"Green book gift box with a bottle of red wine Valdueza \u00abEl P\u00e1jaro\u00bb 750 ml + a bottle Red Label 750 ml red wine Marqu\u00e9s de Valdueza\"}]},{\"@type\":\"WebSite\",\"@id\":\"https:\/\/marquesdevaldueza.com\/en\/#website\",\"url\":\"https:\/\/marquesdevaldueza.com\/en\/\",\"name\":\"Marqu\u00e9s de Valdueza\",\"description\":\"Bodega Vinos y productos Marqu\u00e9s de Valdueza \",\"publisher\":{\"@id\":\"https:\/\/marquesdevaldueza.com\/en\/#organization\"},\"potentialAction\":[{\"@type\":\"SearchAction\",\"target\":{\"@type\":\"EntryPoint\",\"urlTemplate\":\"https:\/\/marquesdevaldueza.com\/en\/?s={search_term_string}\"},\"query-input\":\"required name=search_term_string\"}],\"inLanguage\":\"en-US\"},{\"@type\":\"Organization\",\"@id\":\"https:\/\/marquesdevaldueza.com\/en\/#organization\",\"name\":\"Marqu\u00e9s de Valdueza\",\"url\":\"https:\/\/marquesdevaldueza.com\/en\/\",\"logo\":{\"@type\":\"ImageObject\",\"inLanguage\":\"en-US\",\"@id\":\"https:\/\/marquesdevaldueza.com\/en\/#\/schema\/logo\/image\/\",\"url\":\"https:\/\/marquesdevaldueza.com\/wp-content\/uploads\/2018\/06\/Marques-de-Valdueza.jpg\",\"contentUrl\":\"https:\/\/marquesdevaldueza.com\/wp-content\/uploads\/2018\/06\/Marques-de-Valdueza.jpg\",\"width\":500,\"height\":500,\"caption\":\"Marqu\u00e9s de Valdueza\"},\"image\":{\"@id\":\"https:\/\/marquesdevaldueza.com\/en\/#\/schema\/logo\/image\/\"}}]}<\/script>\n<!-- \/ Yoast SEO plugin. -->","yoast_head_json":{"title":"Bird wine bottle gift box plus a red label bottle","description":"Gourmet gift Marqu\u00e9s de Valdueza two bottles of red wine from the best selection. Bottle of the Bird, the youngest along with the elegant Red label.","robots":{"index":"index","follow":"follow","max-snippet":"max-snippet:-1","max-image-preview":"max-image-preview:large","max-video-preview":"max-video-preview:-1"},"canonical":"https:\/\/marquesdevaldueza.com\/en\/producto\/gift-box-book-green-bottle-wine-bird-plus-red-label-marques-valdueza-750-ml\/","og_locale":"en_US","og_type":"article","og_title":"Bird wine bottle gift box plus a red label bottle","og_description":"Gourmet gift Marqu\u00e9s de Valdueza two bottles of red wine from the best selection. Bottle of the Bird, the youngest along with the elegant Red label.","og_url":"https:\/\/marquesdevaldueza.com\/en\/producto\/gift-box-book-green-bottle-wine-bird-plus-red-label-marques-valdueza-750-ml\/","og_site_name":"Marqu\u00e9s de Valdueza","og_image":[{"width":675,"height":956,"url":"https:\/\/marquesdevaldueza.com\/wp-content\/uploads\/2020\/07\/estuche-regalo-libro-verde-botella-pajaro-botella-etiquetaroja.png","type":"image\/png"}],"twitter_card":"summary_large_image","twitter_misc":{"Est. reading time":"1 minute"},"schema":{"@context":"https:\/\/schema.org","@graph":[{"@type":"WebPage","@id":"https:\/\/marquesdevaldueza.com\/en\/producto\/gift-box-book-green-bottle-wine-bird-plus-red-label-marques-valdueza-750-ml\/","url":"https:\/\/marquesdevaldueza.com\/en\/producto\/gift-box-book-green-bottle-wine-bird-plus-red-label-marques-valdueza-750-ml\/","name":"Bird wine bottle gift box plus a red label bottle","isPartOf":{"@id":"https:\/\/marquesdevaldueza.com\/en\/#website"},"primaryImageOfPage":{"@id":"https:\/\/marquesdevaldueza.com\/en\/producto\/gift-box-book-green-bottle-wine-bird-plus-red-label-marques-valdueza-750-ml\/#primaryimage"},"image":{"@id":"https:\/\/marquesdevaldueza.com\/en\/producto\/gift-box-book-green-bottle-wine-bird-plus-red-label-marques-valdueza-750-ml\/#primaryimage"},"thumbnailUrl":"https:\/\/marquesdevaldueza.com\/wp-content\/uploads\/2020\/07\/estuche-regalo-libro-verde-botella-pajaro-botella-etiquetaroja.png","datePublished":"2020-07-30T08:58:47+00:00","dateModified":"2020-07-30T08:58:47+00:00","description":"Gourmet gift Marqu\u00e9s de Valdueza two bottles of red wine from the best selection. Bottle of the Bird, the youngest along with the elegant Red label.","breadcrumb":{"@id":"https:\/\/marquesdevaldueza.com\/en\/producto\/gift-box-book-green-bottle-wine-bird-plus-red-label-marques-valdueza-750-ml\/#breadcrumb"},"inLanguage":"en-US","potentialAction":[{"@type":"ReadAction","target":["https:\/\/marquesdevaldueza.com\/en\/producto\/gift-box-book-green-bottle-wine-bird-plus-red-label-marques-valdueza-750-ml\/"]}]},{"@type":"ImageObject","inLanguage":"en-US","@id":"https:\/\/marquesdevaldueza.com\/en\/producto\/gift-box-book-green-bottle-wine-bird-plus-red-label-marques-valdueza-750-ml\/#primaryimage","url":"https:\/\/marquesdevaldueza.com\/wp-content\/uploads\/2020\/07\/estuche-regalo-libro-verde-botella-pajaro-botella-etiquetaroja.png","contentUrl":"https:\/\/marquesdevaldueza.com\/wp-content\/uploads\/2020\/07\/estuche-regalo-libro-verde-botella-pajaro-botella-etiquetaroja.png","width":675,"height":956},{"@type":"BreadcrumbList","@id":"https:\/\/marquesdevaldueza.com\/en\/producto\/gift-box-book-green-bottle-wine-bird-plus-red-label-marques-valdueza-750-ml\/#breadcrumb","itemListElement":[{"@type":"ListItem","position":1,"name":"Portada","item":"https:\/\/marquesdevaldueza.com\/en\/"},{"@type":"ListItem","position":2,"name":"Shop","item":"https:\/\/marquesdevaldueza.com\/en\/shop\/"},{"@type":"ListItem","position":3,"name":"Green book gift box with a bottle of red wine Valdueza \u00abEl P\u00e1jaro\u00bb 750 ml + a bottle Red Label 750 ml red wine Marqu\u00e9s de Valdueza"}]},{"@type":"WebSite","@id":"https:\/\/marquesdevaldueza.com\/en\/#website","url":"https:\/\/marquesdevaldueza.com\/en\/","name":"Marqu\u00e9s de Valdueza","description":"Bodega Vinos y productos Marqu\u00e9s de Valdueza ","publisher":{"@id":"https:\/\/marquesdevaldueza.com\/en\/#organization"},"potentialAction":[{"@type":"SearchAction","target":{"@type":"EntryPoint","urlTemplate":"https:\/\/marquesdevaldueza.com\/en\/?s={search_term_string}"},"query-input":"required name=search_term_string"}],"inLanguage":"en-US"},{"@type":"Organization","@id":"https:\/\/marquesdevaldueza.com\/en\/#organization","name":"Marqu\u00e9s de Valdueza","url":"https:\/\/marquesdevaldueza.com\/en\/","logo":{"@type":"ImageObject","inLanguage":"en-US","@id":"https:\/\/marquesdevaldueza.com\/en\/#\/schema\/logo\/image\/","url":"https:\/\/marquesdevaldueza.com\/wp-content\/uploads\/2018\/06\/Marques-de-Valdueza.jpg","contentUrl":"https:\/\/marquesdevaldueza.com\/wp-content\/uploads\/2018\/06\/Marques-de-Valdueza.jpg","width":500,"height":500,"caption":"Marqu\u00e9s de Valdueza"},"image":{"@id":"https:\/\/marquesdevaldueza.com\/en\/#\/schema\/logo\/image\/"}}]}},"_links":{"self":[{"href":"https:\/\/marquesdevaldueza.com\/en\/wp-json\/wp\/v2\/product\/2296"}],"collection":[{"href":"https:\/\/marquesdevaldueza.com\/en\/wp-json\/wp\/v2\/product"}],"about":[{"href":"https:\/\/marquesdevaldueza.com\/en\/wp-json\/wp\/v2\/types\/product"}],"replies":[{"embeddable":true,"href":"https:\/\/marquesdevaldueza.com\/en\/wp-json\/wp\/v2\/comments?post=2296"}],"wp:featuredmedia":[{"embeddable":true,"href":"https:\/\/marquesdevaldueza.com\/en\/wp-json\/wp\/v2\/media\/2201"}],"wp:attachment":[{"href":"https:\/\/marquesdevaldueza.com\/en\/wp-json\/wp\/v2\/media?parent=2296"}],"wp:term":[{"taxonomy":"product_cat","embeddable":true,"href":"https:\/\/marquesdevaldueza.com\/en\/wp-json\/wp\/v2\/product_cat?post=2296"},{"taxonomy":"product_tag","embeddable":true,"href":"https:\/\/marquesdevaldueza.com\/en\/wp-json\/wp\/v2\/product_tag?post=2296"}],"curies":[{"name":"wp","href":"https:\/\/api.w.org\/{rel}","templated":true}]}}