{"id":2292,"date":"2020-07-30T15:44:08","date_gmt":"2020-07-30T13:44:08","guid":{"rendered":"https:\/\/marquesdevaldueza.com\/producto\/gift-box-book-green-bottle-750-wine-blue-label-plus-aove-bottle-500ml-marques-valdueza\/"},"modified":"2020-07-30T15:44:08","modified_gmt":"2020-07-30T13:44:08","slug":"gift-box-book-green-bottle-750-wine-blue-label-plus-aove-bottle-500ml-marques-valdueza","status":"publish","type":"product","link":"https:\/\/marquesdevaldueza.com\/en\/producto\/gift-box-book-green-bottle-750-wine-blue-label-plus-aove-bottle-500ml-marques-valdueza\/","title":{"rendered":"Green book gift box bottle of red wine Marqu\u00e9s de Valdueza Gran Vino de Guarda 750 ml + extra virgin olive oil Marqu\u00e9s de Valdueza 500 ml"},"content":{"rendered":"<h2>Marqu\u00e9s de Valdueza green book gift box<\/h2>\n<h4>\nBlue Label wine bottle 750 ml + bottle extra virgin olive oil Marqu\u00e9s de Valdueza 500 ml<\/h4>\n<h5>\n<strong>Blue Label Wine<\/strong><\/h5>\n<p>It is the most ambitious wine with the greatest capacity to age (aptitude only available in great wines).<\/p>\n<p>This wine has concentration, complexity, freshness, balance and silky tannins. However, you can start consuming now. Those who seek the power of youth to accompany a tasty cuisine (game dishes for example), will enjoy their personality for the next 3 years. And those who want to enjoy its maximum complexity and harmony should wait for the fourth year and beyond.<\/p>\n<p>Syrah (47%) contributes sweetness, Cabernet-Sauvignon (38%) constitutes the backbone of the wine and the touch of Merlot (15%) adds complexity.<\/p>\n<p>This great aging wine has been aged for 12 months in French oak barrels (more than half in new barrels and the rest in 1-year barrels).<\/p>\n<h5><strong>Extra Virgin Olive Oil<\/strong><\/h5>\n<p>Spring-scented oil with outstanding herbaceous green notes that presents a green fruity olive of medium-high intensity.<\/p>\n<p>Complex nose with hints of green almond, broom, light tones of green tomato and a deep fragrance of wild plants that culminates with light fruit notes.<\/p>\n<p>With a deep personality in the mouth, it is soft at first and then surprises with a light bitterness that leads to a slightly more intense spice, generating a wonderful balance. Herbaceous records predominate with wood tones, turning towards almond and green banana.<\/p>\n<p>Intangible fusion of aromas \/ flavors provided by the 4 great varieties that lend their profiles to the creation of this product.<\/p>\n","protected":false},"excerpt":{"rendered":"<p>Marqu\u00e9s de Valdueza green book gift box Blue Label wine bottle 750 ml + bottle extra virgin olive oil Marqu\u00e9s de Valdueza 500 ml Blue Label Wine It is the most ambitious wine with the greatest capacity to age (aptitude only available in great wines). This wine has concentration, complexity, freshness, balance and silky tannins. However, you can start consuming now. Those who seek the power of youth to accompany a tasty cuisine (game dishes for example), will enjoy their<span class=\"excerpt-hellip\"> [\u2026]<\/span><\/p>\n","protected":false},"featured_media":2240,"comment_status":"open","ping_status":"closed","template":"","meta":[],"product_cat":[127],"product_tag":[147,152,153],"yoast_head":"<!-- This site is optimized with the Yoast SEO plugin v22.6 - https:\/\/yoast.com\/wordpress\/plugins\/seo\/ -->\n<title>Gourmet Gift Box Marqu\u00e9s Valdueza Blue Label Wine + EVOO<\/title>\n<meta name=\"description\" content=\"Perfect luxury gift for any occasion. Surprise with a 12-month aging wine in French oak barrels plus the extra Valdueza EVOO\" \/>\n<meta name=\"robots\" content=\"index, follow, max-snippet:-1, max-image-preview:large, max-video-preview:-1\" \/>\n<link rel=\"canonical\" href=\"https:\/\/marquesdevaldueza.com\/en\/producto\/gift-box-book-green-bottle-750-wine-blue-label-plus-aove-bottle-500ml-marques-valdueza\/\" \/>\n<meta property=\"og:locale\" content=\"en_US\" \/>\n<meta property=\"og:type\" content=\"article\" \/>\n<meta property=\"og:title\" content=\"Gourmet Gift Box Marqu\u00e9s Valdueza Blue Label Wine + EVOO\" \/>\n<meta property=\"og:description\" content=\"Perfect luxury gift for any occasion. Surprise with a 12-month aging wine in French oak barrels plus the extra Valdueza EVOO\" \/>\n<meta property=\"og:url\" content=\"https:\/\/marquesdevaldueza.com\/en\/producto\/gift-box-book-green-bottle-750-wine-blue-label-plus-aove-bottle-500ml-marques-valdueza\/\" \/>\n<meta property=\"og:site_name\" content=\"Marqu\u00e9s de Valdueza\" \/>\n<meta property=\"og:image\" content=\"https:\/\/marquesdevaldueza.com\/wp-content\/uploads\/2020\/07\/estuche-libro-verde-vino-etiquetazul-aove-valdueza.png\" \/>\n\t<meta property=\"og:image:width\" content=\"675\" \/>\n\t<meta property=\"og:image:height\" content=\"956\" \/>\n\t<meta property=\"og:image:type\" content=\"image\/png\" \/>\n<meta name=\"twitter:card\" content=\"summary_large_image\" \/>\n<meta name=\"twitter:label1\" content=\"Est. reading time\" \/>\n\t<meta name=\"twitter:data1\" content=\"1 minute\" \/>\n<script type=\"application\/ld+json\" class=\"yoast-schema-graph\">{\"@context\":\"https:\/\/schema.org\",\"@graph\":[{\"@type\":\"WebPage\",\"@id\":\"https:\/\/marquesdevaldueza.com\/en\/producto\/gift-box-book-green-bottle-750-wine-blue-label-plus-aove-bottle-500ml-marques-valdueza\/\",\"url\":\"https:\/\/marquesdevaldueza.com\/en\/producto\/gift-box-book-green-bottle-750-wine-blue-label-plus-aove-bottle-500ml-marques-valdueza\/\",\"name\":\"Gourmet Gift Box Marqu\u00e9s Valdueza Blue Label Wine + EVOO\",\"isPartOf\":{\"@id\":\"https:\/\/marquesdevaldueza.com\/en\/#website\"},\"primaryImageOfPage\":{\"@id\":\"https:\/\/marquesdevaldueza.com\/en\/producto\/gift-box-book-green-bottle-750-wine-blue-label-plus-aove-bottle-500ml-marques-valdueza\/#primaryimage\"},\"image\":{\"@id\":\"https:\/\/marquesdevaldueza.com\/en\/producto\/gift-box-book-green-bottle-750-wine-blue-label-plus-aove-bottle-500ml-marques-valdueza\/#primaryimage\"},\"thumbnailUrl\":\"https:\/\/marquesdevaldueza.com\/wp-content\/uploads\/2020\/07\/estuche-libro-verde-vino-etiquetazul-aove-valdueza.png\",\"datePublished\":\"2020-07-30T13:44:08+00:00\",\"dateModified\":\"2020-07-30T13:44:08+00:00\",\"description\":\"Perfect luxury gift for any occasion. Surprise with a 12-month aging wine in French oak barrels plus the extra Valdueza EVOO\",\"breadcrumb\":{\"@id\":\"https:\/\/marquesdevaldueza.com\/en\/producto\/gift-box-book-green-bottle-750-wine-blue-label-plus-aove-bottle-500ml-marques-valdueza\/#breadcrumb\"},\"inLanguage\":\"en-US\",\"potentialAction\":[{\"@type\":\"ReadAction\",\"target\":[\"https:\/\/marquesdevaldueza.com\/en\/producto\/gift-box-book-green-bottle-750-wine-blue-label-plus-aove-bottle-500ml-marques-valdueza\/\"]}]},{\"@type\":\"ImageObject\",\"inLanguage\":\"en-US\",\"@id\":\"https:\/\/marquesdevaldueza.com\/en\/producto\/gift-box-book-green-bottle-750-wine-blue-label-plus-aove-bottle-500ml-marques-valdueza\/#primaryimage\",\"url\":\"https:\/\/marquesdevaldueza.com\/wp-content\/uploads\/2020\/07\/estuche-libro-verde-vino-etiquetazul-aove-valdueza.png\",\"contentUrl\":\"https:\/\/marquesdevaldueza.com\/wp-content\/uploads\/2020\/07\/estuche-libro-verde-vino-etiquetazul-aove-valdueza.png\",\"width\":675,\"height\":956},{\"@type\":\"BreadcrumbList\",\"@id\":\"https:\/\/marquesdevaldueza.com\/en\/producto\/gift-box-book-green-bottle-750-wine-blue-label-plus-aove-bottle-500ml-marques-valdueza\/#breadcrumb\",\"itemListElement\":[{\"@type\":\"ListItem\",\"position\":1,\"name\":\"Portada\",\"item\":\"https:\/\/marquesdevaldueza.com\/en\/\"},{\"@type\":\"ListItem\",\"position\":2,\"name\":\"Shop\",\"item\":\"https:\/\/marquesdevaldueza.com\/en\/shop\/\"},{\"@type\":\"ListItem\",\"position\":3,\"name\":\"Green book gift box bottle of red wine Marqu\u00e9s de Valdueza Gran Vino de Guarda 750 ml + extra virgin olive oil Marqu\u00e9s de Valdueza 500 ml\"}]},{\"@type\":\"WebSite\",\"@id\":\"https:\/\/marquesdevaldueza.com\/en\/#website\",\"url\":\"https:\/\/marquesdevaldueza.com\/en\/\",\"name\":\"Marqu\u00e9s de Valdueza\",\"description\":\"Bodega Vinos y productos Marqu\u00e9s de Valdueza \",\"publisher\":{\"@id\":\"https:\/\/marquesdevaldueza.com\/en\/#organization\"},\"potentialAction\":[{\"@type\":\"SearchAction\",\"target\":{\"@type\":\"EntryPoint\",\"urlTemplate\":\"https:\/\/marquesdevaldueza.com\/en\/?s={search_term_string}\"},\"query-input\":\"required name=search_term_string\"}],\"inLanguage\":\"en-US\"},{\"@type\":\"Organization\",\"@id\":\"https:\/\/marquesdevaldueza.com\/en\/#organization\",\"name\":\"Marqu\u00e9s de Valdueza\",\"url\":\"https:\/\/marquesdevaldueza.com\/en\/\",\"logo\":{\"@type\":\"ImageObject\",\"inLanguage\":\"en-US\",\"@id\":\"https:\/\/marquesdevaldueza.com\/en\/#\/schema\/logo\/image\/\",\"url\":\"https:\/\/marquesdevaldueza.com\/wp-content\/uploads\/2018\/06\/Marques-de-Valdueza.jpg\",\"contentUrl\":\"https:\/\/marquesdevaldueza.com\/wp-content\/uploads\/2018\/06\/Marques-de-Valdueza.jpg\",\"width\":500,\"height\":500,\"caption\":\"Marqu\u00e9s de Valdueza\"},\"image\":{\"@id\":\"https:\/\/marquesdevaldueza.com\/en\/#\/schema\/logo\/image\/\"}}]}<\/script>\n<!-- \/ Yoast SEO plugin. -->","yoast_head_json":{"title":"Gourmet Gift Box Marqu\u00e9s Valdueza Blue Label Wine + EVOO","description":"Perfect luxury gift for any occasion. Surprise with a 12-month aging wine in French oak barrels plus the extra Valdueza EVOO","robots":{"index":"index","follow":"follow","max-snippet":"max-snippet:-1","max-image-preview":"max-image-preview:large","max-video-preview":"max-video-preview:-1"},"canonical":"https:\/\/marquesdevaldueza.com\/en\/producto\/gift-box-book-green-bottle-750-wine-blue-label-plus-aove-bottle-500ml-marques-valdueza\/","og_locale":"en_US","og_type":"article","og_title":"Gourmet Gift Box Marqu\u00e9s Valdueza Blue Label Wine + EVOO","og_description":"Perfect luxury gift for any occasion. Surprise with a 12-month aging wine in French oak barrels plus the extra Valdueza EVOO","og_url":"https:\/\/marquesdevaldueza.com\/en\/producto\/gift-box-book-green-bottle-750-wine-blue-label-plus-aove-bottle-500ml-marques-valdueza\/","og_site_name":"Marqu\u00e9s de Valdueza","og_image":[{"width":675,"height":956,"url":"https:\/\/marquesdevaldueza.com\/wp-content\/uploads\/2020\/07\/estuche-libro-verde-vino-etiquetazul-aove-valdueza.png","type":"image\/png"}],"twitter_card":"summary_large_image","twitter_misc":{"Est. reading time":"1 minute"},"schema":{"@context":"https:\/\/schema.org","@graph":[{"@type":"WebPage","@id":"https:\/\/marquesdevaldueza.com\/en\/producto\/gift-box-book-green-bottle-750-wine-blue-label-plus-aove-bottle-500ml-marques-valdueza\/","url":"https:\/\/marquesdevaldueza.com\/en\/producto\/gift-box-book-green-bottle-750-wine-blue-label-plus-aove-bottle-500ml-marques-valdueza\/","name":"Gourmet Gift Box Marqu\u00e9s Valdueza Blue Label Wine + EVOO","isPartOf":{"@id":"https:\/\/marquesdevaldueza.com\/en\/#website"},"primaryImageOfPage":{"@id":"https:\/\/marquesdevaldueza.com\/en\/producto\/gift-box-book-green-bottle-750-wine-blue-label-plus-aove-bottle-500ml-marques-valdueza\/#primaryimage"},"image":{"@id":"https:\/\/marquesdevaldueza.com\/en\/producto\/gift-box-book-green-bottle-750-wine-blue-label-plus-aove-bottle-500ml-marques-valdueza\/#primaryimage"},"thumbnailUrl":"https:\/\/marquesdevaldueza.com\/wp-content\/uploads\/2020\/07\/estuche-libro-verde-vino-etiquetazul-aove-valdueza.png","datePublished":"2020-07-30T13:44:08+00:00","dateModified":"2020-07-30T13:44:08+00:00","description":"Perfect luxury gift for any occasion. Surprise with a 12-month aging wine in French oak barrels plus the extra Valdueza EVOO","breadcrumb":{"@id":"https:\/\/marquesdevaldueza.com\/en\/producto\/gift-box-book-green-bottle-750-wine-blue-label-plus-aove-bottle-500ml-marques-valdueza\/#breadcrumb"},"inLanguage":"en-US","potentialAction":[{"@type":"ReadAction","target":["https:\/\/marquesdevaldueza.com\/en\/producto\/gift-box-book-green-bottle-750-wine-blue-label-plus-aove-bottle-500ml-marques-valdueza\/"]}]},{"@type":"ImageObject","inLanguage":"en-US","@id":"https:\/\/marquesdevaldueza.com\/en\/producto\/gift-box-book-green-bottle-750-wine-blue-label-plus-aove-bottle-500ml-marques-valdueza\/#primaryimage","url":"https:\/\/marquesdevaldueza.com\/wp-content\/uploads\/2020\/07\/estuche-libro-verde-vino-etiquetazul-aove-valdueza.png","contentUrl":"https:\/\/marquesdevaldueza.com\/wp-content\/uploads\/2020\/07\/estuche-libro-verde-vino-etiquetazul-aove-valdueza.png","width":675,"height":956},{"@type":"BreadcrumbList","@id":"https:\/\/marquesdevaldueza.com\/en\/producto\/gift-box-book-green-bottle-750-wine-blue-label-plus-aove-bottle-500ml-marques-valdueza\/#breadcrumb","itemListElement":[{"@type":"ListItem","position":1,"name":"Portada","item":"https:\/\/marquesdevaldueza.com\/en\/"},{"@type":"ListItem","position":2,"name":"Shop","item":"https:\/\/marquesdevaldueza.com\/en\/shop\/"},{"@type":"ListItem","position":3,"name":"Green book gift box bottle of red wine Marqu\u00e9s de Valdueza Gran Vino de Guarda 750 ml + extra virgin olive oil Marqu\u00e9s de Valdueza 500 ml"}]},{"@type":"WebSite","@id":"https:\/\/marquesdevaldueza.com\/en\/#website","url":"https:\/\/marquesdevaldueza.com\/en\/","name":"Marqu\u00e9s de Valdueza","description":"Bodega Vinos y productos Marqu\u00e9s de Valdueza ","publisher":{"@id":"https:\/\/marquesdevaldueza.com\/en\/#organization"},"potentialAction":[{"@type":"SearchAction","target":{"@type":"EntryPoint","urlTemplate":"https:\/\/marquesdevaldueza.com\/en\/?s={search_term_string}"},"query-input":"required name=search_term_string"}],"inLanguage":"en-US"},{"@type":"Organization","@id":"https:\/\/marquesdevaldueza.com\/en\/#organization","name":"Marqu\u00e9s de Valdueza","url":"https:\/\/marquesdevaldueza.com\/en\/","logo":{"@type":"ImageObject","inLanguage":"en-US","@id":"https:\/\/marquesdevaldueza.com\/en\/#\/schema\/logo\/image\/","url":"https:\/\/marquesdevaldueza.com\/wp-content\/uploads\/2018\/06\/Marques-de-Valdueza.jpg","contentUrl":"https:\/\/marquesdevaldueza.com\/wp-content\/uploads\/2018\/06\/Marques-de-Valdueza.jpg","width":500,"height":500,"caption":"Marqu\u00e9s de Valdueza"},"image":{"@id":"https:\/\/marquesdevaldueza.com\/en\/#\/schema\/logo\/image\/"}}]}},"_links":{"self":[{"href":"https:\/\/marquesdevaldueza.com\/en\/wp-json\/wp\/v2\/product\/2292"}],"collection":[{"href":"https:\/\/marquesdevaldueza.com\/en\/wp-json\/wp\/v2\/product"}],"about":[{"href":"https:\/\/marquesdevaldueza.com\/en\/wp-json\/wp\/v2\/types\/product"}],"replies":[{"embeddable":true,"href":"https:\/\/marquesdevaldueza.com\/en\/wp-json\/wp\/v2\/comments?post=2292"}],"wp:featuredmedia":[{"embeddable":true,"href":"https:\/\/marquesdevaldueza.com\/en\/wp-json\/wp\/v2\/media\/2240"}],"wp:attachment":[{"href":"https:\/\/marquesdevaldueza.com\/en\/wp-json\/wp\/v2\/media?parent=2292"}],"wp:term":[{"taxonomy":"product_cat","embeddable":true,"href":"https:\/\/marquesdevaldueza.com\/en\/wp-json\/wp\/v2\/product_cat?post=2292"},{"taxonomy":"product_tag","embeddable":true,"href":"https:\/\/marquesdevaldueza.com\/en\/wp-json\/wp\/v2\/product_tag?post=2292"}],"curies":[{"name":"wp","href":"https:\/\/api.w.org\/{rel}","templated":true}]}}