{"id":2285,"date":"2020-07-31T15:05:48","date_gmt":"2020-07-31T13:05:48","guid":{"rendered":"https:\/\/marquesdevaldueza.com\/producto\/161-5000-green-book-gift-box-with-a-bottle-of-red-wine-marques-de-valdueza-red-label-750-ml-other-olive-oil-extra-virgin-marques-de-valdueza-500-ml\/"},"modified":"2020-07-31T15:05:48","modified_gmt":"2020-07-31T13:05:48","slug":"161-5000-green-book-gift-box-with-a-bottle-of-red-wine-marques-de-valdueza-red-label-750-ml-other-olive-oil-extra-virgin-marques-de-valdueza-500-ml","status":"publish","type":"product","link":"https:\/\/marquesdevaldueza.com\/en\/producto\/161-5000-green-book-gift-box-with-a-bottle-of-red-wine-marques-de-valdueza-red-label-750-ml-other-olive-oil-extra-virgin-marques-de-valdueza-500-ml\/","title":{"rendered":"Green book gift box with a bottle of red wine Marqu\u00e9s de Valdueza Red Label 750 ml + another of extra virgin olive oil Marqu\u00e9s de Valdueza 500 ml"},"content":{"rendered":"<h2>Marqu\u00e9s de Valdueza Gift Box<\/h2>\n<h4>1 bottle of Red Label wine + 1 500ml bottle of Valdueza extra olive oil<\/h4>\n<h4>Red Label<\/h4>\n<p>It is a more serious wine, where we have managed to combine the freshness and elegance of Cabernet-Sauvignon (62% and without any aggressiveness in the mouth), with the sweetness of Syrah (38%).<\/p>\n<p>Aged for 12 months in French oak barrels (with a predominance of new barrels) allows us to deliver a wine that can be enjoyed today and for the next 4 years.<\/p>\n<p>Ideal to accompany more elaborate meals.<\/p>\n<p>Extra Virgin Olive Oil<\/p>\n<p>Spring-scented oil with outstanding herbaceous green notes that presents a green fruity olive of medium-high intensity.<\/p>\n<p>Complex nose with hints of green almond, broom, light tones of green tomato and a deep fragrance of wild plants that culminates with light fruit notes.<\/p>\n<p>With a deep personality in the mouth, it is soft at first and then surprises with a light bitterness that leads to a slightly more intense spice, generating a wonderful balance. Herbaceous records predominate with wood tones, turning towards almond and green banana.<\/p>\n<p>Intangible fusion of aromas \/ flavors provided by the 4 great varieties that lend their profiles to the creation of this product.<\/p>\n","protected":false},"excerpt":{"rendered":"<p>Marqu\u00e9s de Valdueza Gift Box 1 bottle of Red Label wine + 1 500ml bottle of Valdueza extra olive oil Red Label It is a more serious wine, where we have managed to combine the freshness and elegance of Cabernet-Sauvignon (62% and without any aggressiveness in the mouth), with the sweetness of Syrah (38%). Aged for 12 months in French oak barrels (with a predominance of new barrels) allows us to deliver a wine that can be enjoyed today and<span class=\"excerpt-hellip\"> [\u2026]<\/span><\/p>\n","protected":false},"featured_media":2222,"comment_status":"open","ping_status":"closed","template":"","meta":[],"product_cat":[127],"product_tag":[143,141,142,144,140],"yoast_head":"<!-- This site is optimized with the Yoast SEO plugin v22.6 - https:\/\/yoast.com\/wordpress\/plugins\/seo\/ -->\n<title>Gourmet Gift Box Marqu\u00e9s de Valdueza Red Label Wine + EVOO<\/title>\n<meta name=\"description\" content=\"The best selection goumet gift for the most demanding palates. Tasting pack of the tradition and quality of the flavor of the Marqu\u00e9s de Valdueza. Good pairing\" \/>\n<meta name=\"robots\" content=\"index, follow, max-snippet:-1, max-image-preview:large, max-video-preview:-1\" \/>\n<link rel=\"canonical\" href=\"https:\/\/marquesdevaldueza.com\/en\/producto\/161-5000-green-book-gift-box-with-a-bottle-of-red-wine-marques-de-valdueza-red-label-750-ml-other-olive-oil-extra-virgin-marques-de-valdueza-500-ml\/\" \/>\n<meta property=\"og:locale\" content=\"en_US\" \/>\n<meta property=\"og:type\" content=\"article\" \/>\n<meta property=\"og:title\" content=\"Gourmet Gift Box Marqu\u00e9s de Valdueza Red Label Wine + EVOO\" \/>\n<meta property=\"og:description\" content=\"The best selection goumet gift for the most demanding palates. Tasting pack of the tradition and quality of the flavor of the Marqu\u00e9s de Valdueza. Good pairing\" \/>\n<meta property=\"og:url\" content=\"https:\/\/marquesdevaldueza.com\/en\/producto\/161-5000-green-book-gift-box-with-a-bottle-of-red-wine-marques-de-valdueza-red-label-750-ml-other-olive-oil-extra-virgin-marques-de-valdueza-500-ml\/\" \/>\n<meta property=\"og:site_name\" content=\"Marqu\u00e9s de Valdueza\" \/>\n<meta property=\"og:image\" content=\"https:\/\/marquesdevaldueza.com\/wp-content\/uploads\/2020\/07\/libro-verde-botella-etiqueta-roja-botella-aove-valdueza.png\" \/>\n\t<meta property=\"og:image:width\" content=\"675\" \/>\n\t<meta property=\"og:image:height\" content=\"956\" \/>\n\t<meta property=\"og:image:type\" content=\"image\/png\" \/>\n<meta name=\"twitter:card\" content=\"summary_large_image\" \/>\n<meta name=\"twitter:label1\" content=\"Est. reading time\" \/>\n\t<meta name=\"twitter:data1\" content=\"1 minute\" \/>\n<script type=\"application\/ld+json\" class=\"yoast-schema-graph\">{\"@context\":\"https:\/\/schema.org\",\"@graph\":[{\"@type\":\"WebPage\",\"@id\":\"https:\/\/marquesdevaldueza.com\/en\/producto\/161-5000-green-book-gift-box-with-a-bottle-of-red-wine-marques-de-valdueza-red-label-750-ml-other-olive-oil-extra-virgin-marques-de-valdueza-500-ml\/\",\"url\":\"https:\/\/marquesdevaldueza.com\/en\/producto\/161-5000-green-book-gift-box-with-a-bottle-of-red-wine-marques-de-valdueza-red-label-750-ml-other-olive-oil-extra-virgin-marques-de-valdueza-500-ml\/\",\"name\":\"Gourmet Gift Box Marqu\u00e9s de Valdueza Red Label Wine + EVOO\",\"isPartOf\":{\"@id\":\"https:\/\/marquesdevaldueza.com\/en\/#website\"},\"primaryImageOfPage\":{\"@id\":\"https:\/\/marquesdevaldueza.com\/en\/producto\/161-5000-green-book-gift-box-with-a-bottle-of-red-wine-marques-de-valdueza-red-label-750-ml-other-olive-oil-extra-virgin-marques-de-valdueza-500-ml\/#primaryimage\"},\"image\":{\"@id\":\"https:\/\/marquesdevaldueza.com\/en\/producto\/161-5000-green-book-gift-box-with-a-bottle-of-red-wine-marques-de-valdueza-red-label-750-ml-other-olive-oil-extra-virgin-marques-de-valdueza-500-ml\/#primaryimage\"},\"thumbnailUrl\":\"https:\/\/marquesdevaldueza.com\/wp-content\/uploads\/2020\/07\/libro-verde-botella-etiqueta-roja-botella-aove-valdueza.png\",\"datePublished\":\"2020-07-31T13:05:48+00:00\",\"dateModified\":\"2020-07-31T13:05:48+00:00\",\"description\":\"The best selection goumet gift for the most demanding palates. Tasting pack of the tradition and quality of the flavor of the Marqu\u00e9s de Valdueza. Good pairing\",\"breadcrumb\":{\"@id\":\"https:\/\/marquesdevaldueza.com\/en\/producto\/161-5000-green-book-gift-box-with-a-bottle-of-red-wine-marques-de-valdueza-red-label-750-ml-other-olive-oil-extra-virgin-marques-de-valdueza-500-ml\/#breadcrumb\"},\"inLanguage\":\"en-US\",\"potentialAction\":[{\"@type\":\"ReadAction\",\"target\":[\"https:\/\/marquesdevaldueza.com\/en\/producto\/161-5000-green-book-gift-box-with-a-bottle-of-red-wine-marques-de-valdueza-red-label-750-ml-other-olive-oil-extra-virgin-marques-de-valdueza-500-ml\/\"]}]},{\"@type\":\"ImageObject\",\"inLanguage\":\"en-US\",\"@id\":\"https:\/\/marquesdevaldueza.com\/en\/producto\/161-5000-green-book-gift-box-with-a-bottle-of-red-wine-marques-de-valdueza-red-label-750-ml-other-olive-oil-extra-virgin-marques-de-valdueza-500-ml\/#primaryimage\",\"url\":\"https:\/\/marquesdevaldueza.com\/wp-content\/uploads\/2020\/07\/libro-verde-botella-etiqueta-roja-botella-aove-valdueza.png\",\"contentUrl\":\"https:\/\/marquesdevaldueza.com\/wp-content\/uploads\/2020\/07\/libro-verde-botella-etiqueta-roja-botella-aove-valdueza.png\",\"width\":675,\"height\":956},{\"@type\":\"BreadcrumbList\",\"@id\":\"https:\/\/marquesdevaldueza.com\/en\/producto\/161-5000-green-book-gift-box-with-a-bottle-of-red-wine-marques-de-valdueza-red-label-750-ml-other-olive-oil-extra-virgin-marques-de-valdueza-500-ml\/#breadcrumb\",\"itemListElement\":[{\"@type\":\"ListItem\",\"position\":1,\"name\":\"Portada\",\"item\":\"https:\/\/marquesdevaldueza.com\/en\/\"},{\"@type\":\"ListItem\",\"position\":2,\"name\":\"Shop\",\"item\":\"https:\/\/marquesdevaldueza.com\/en\/shop\/\"},{\"@type\":\"ListItem\",\"position\":3,\"name\":\"Green book gift box with a bottle of red wine Marqu\u00e9s de Valdueza Red Label 750 ml + another of extra virgin olive oil Marqu\u00e9s de Valdueza 500 ml\"}]},{\"@type\":\"WebSite\",\"@id\":\"https:\/\/marquesdevaldueza.com\/en\/#website\",\"url\":\"https:\/\/marquesdevaldueza.com\/en\/\",\"name\":\"Marqu\u00e9s de Valdueza\",\"description\":\"Bodega Vinos y productos Marqu\u00e9s de Valdueza \",\"publisher\":{\"@id\":\"https:\/\/marquesdevaldueza.com\/en\/#organization\"},\"potentialAction\":[{\"@type\":\"SearchAction\",\"target\":{\"@type\":\"EntryPoint\",\"urlTemplate\":\"https:\/\/marquesdevaldueza.com\/en\/?s={search_term_string}\"},\"query-input\":\"required name=search_term_string\"}],\"inLanguage\":\"en-US\"},{\"@type\":\"Organization\",\"@id\":\"https:\/\/marquesdevaldueza.com\/en\/#organization\",\"name\":\"Marqu\u00e9s de Valdueza\",\"url\":\"https:\/\/marquesdevaldueza.com\/en\/\",\"logo\":{\"@type\":\"ImageObject\",\"inLanguage\":\"en-US\",\"@id\":\"https:\/\/marquesdevaldueza.com\/en\/#\/schema\/logo\/image\/\",\"url\":\"https:\/\/marquesdevaldueza.com\/wp-content\/uploads\/2018\/06\/Marques-de-Valdueza.jpg\",\"contentUrl\":\"https:\/\/marquesdevaldueza.com\/wp-content\/uploads\/2018\/06\/Marques-de-Valdueza.jpg\",\"width\":500,\"height\":500,\"caption\":\"Marqu\u00e9s de Valdueza\"},\"image\":{\"@id\":\"https:\/\/marquesdevaldueza.com\/en\/#\/schema\/logo\/image\/\"}}]}<\/script>\n<!-- \/ Yoast SEO plugin. -->","yoast_head_json":{"title":"Gourmet Gift Box Marqu\u00e9s de Valdueza Red Label Wine + EVOO","description":"The best selection goumet gift for the most demanding palates. Tasting pack of the tradition and quality of the flavor of the Marqu\u00e9s de Valdueza. Good pairing","robots":{"index":"index","follow":"follow","max-snippet":"max-snippet:-1","max-image-preview":"max-image-preview:large","max-video-preview":"max-video-preview:-1"},"canonical":"https:\/\/marquesdevaldueza.com\/en\/producto\/161-5000-green-book-gift-box-with-a-bottle-of-red-wine-marques-de-valdueza-red-label-750-ml-other-olive-oil-extra-virgin-marques-de-valdueza-500-ml\/","og_locale":"en_US","og_type":"article","og_title":"Gourmet Gift Box Marqu\u00e9s de Valdueza Red Label Wine + EVOO","og_description":"The best selection goumet gift for the most demanding palates. Tasting pack of the tradition and quality of the flavor of the Marqu\u00e9s de Valdueza. Good pairing","og_url":"https:\/\/marquesdevaldueza.com\/en\/producto\/161-5000-green-book-gift-box-with-a-bottle-of-red-wine-marques-de-valdueza-red-label-750-ml-other-olive-oil-extra-virgin-marques-de-valdueza-500-ml\/","og_site_name":"Marqu\u00e9s de Valdueza","og_image":[{"width":675,"height":956,"url":"https:\/\/marquesdevaldueza.com\/wp-content\/uploads\/2020\/07\/libro-verde-botella-etiqueta-roja-botella-aove-valdueza.png","type":"image\/png"}],"twitter_card":"summary_large_image","twitter_misc":{"Est. reading time":"1 minute"},"schema":{"@context":"https:\/\/schema.org","@graph":[{"@type":"WebPage","@id":"https:\/\/marquesdevaldueza.com\/en\/producto\/161-5000-green-book-gift-box-with-a-bottle-of-red-wine-marques-de-valdueza-red-label-750-ml-other-olive-oil-extra-virgin-marques-de-valdueza-500-ml\/","url":"https:\/\/marquesdevaldueza.com\/en\/producto\/161-5000-green-book-gift-box-with-a-bottle-of-red-wine-marques-de-valdueza-red-label-750-ml-other-olive-oil-extra-virgin-marques-de-valdueza-500-ml\/","name":"Gourmet Gift Box Marqu\u00e9s de Valdueza Red Label Wine + EVOO","isPartOf":{"@id":"https:\/\/marquesdevaldueza.com\/en\/#website"},"primaryImageOfPage":{"@id":"https:\/\/marquesdevaldueza.com\/en\/producto\/161-5000-green-book-gift-box-with-a-bottle-of-red-wine-marques-de-valdueza-red-label-750-ml-other-olive-oil-extra-virgin-marques-de-valdueza-500-ml\/#primaryimage"},"image":{"@id":"https:\/\/marquesdevaldueza.com\/en\/producto\/161-5000-green-book-gift-box-with-a-bottle-of-red-wine-marques-de-valdueza-red-label-750-ml-other-olive-oil-extra-virgin-marques-de-valdueza-500-ml\/#primaryimage"},"thumbnailUrl":"https:\/\/marquesdevaldueza.com\/wp-content\/uploads\/2020\/07\/libro-verde-botella-etiqueta-roja-botella-aove-valdueza.png","datePublished":"2020-07-31T13:05:48+00:00","dateModified":"2020-07-31T13:05:48+00:00","description":"The best selection goumet gift for the most demanding palates. Tasting pack of the tradition and quality of the flavor of the Marqu\u00e9s de Valdueza. Good pairing","breadcrumb":{"@id":"https:\/\/marquesdevaldueza.com\/en\/producto\/161-5000-green-book-gift-box-with-a-bottle-of-red-wine-marques-de-valdueza-red-label-750-ml-other-olive-oil-extra-virgin-marques-de-valdueza-500-ml\/#breadcrumb"},"inLanguage":"en-US","potentialAction":[{"@type":"ReadAction","target":["https:\/\/marquesdevaldueza.com\/en\/producto\/161-5000-green-book-gift-box-with-a-bottle-of-red-wine-marques-de-valdueza-red-label-750-ml-other-olive-oil-extra-virgin-marques-de-valdueza-500-ml\/"]}]},{"@type":"ImageObject","inLanguage":"en-US","@id":"https:\/\/marquesdevaldueza.com\/en\/producto\/161-5000-green-book-gift-box-with-a-bottle-of-red-wine-marques-de-valdueza-red-label-750-ml-other-olive-oil-extra-virgin-marques-de-valdueza-500-ml\/#primaryimage","url":"https:\/\/marquesdevaldueza.com\/wp-content\/uploads\/2020\/07\/libro-verde-botella-etiqueta-roja-botella-aove-valdueza.png","contentUrl":"https:\/\/marquesdevaldueza.com\/wp-content\/uploads\/2020\/07\/libro-verde-botella-etiqueta-roja-botella-aove-valdueza.png","width":675,"height":956},{"@type":"BreadcrumbList","@id":"https:\/\/marquesdevaldueza.com\/en\/producto\/161-5000-green-book-gift-box-with-a-bottle-of-red-wine-marques-de-valdueza-red-label-750-ml-other-olive-oil-extra-virgin-marques-de-valdueza-500-ml\/#breadcrumb","itemListElement":[{"@type":"ListItem","position":1,"name":"Portada","item":"https:\/\/marquesdevaldueza.com\/en\/"},{"@type":"ListItem","position":2,"name":"Shop","item":"https:\/\/marquesdevaldueza.com\/en\/shop\/"},{"@type":"ListItem","position":3,"name":"Green book gift box with a bottle of red wine Marqu\u00e9s de Valdueza Red Label 750 ml + another of extra virgin olive oil Marqu\u00e9s de Valdueza 500 ml"}]},{"@type":"WebSite","@id":"https:\/\/marquesdevaldueza.com\/en\/#website","url":"https:\/\/marquesdevaldueza.com\/en\/","name":"Marqu\u00e9s de Valdueza","description":"Bodega Vinos y productos Marqu\u00e9s de Valdueza ","publisher":{"@id":"https:\/\/marquesdevaldueza.com\/en\/#organization"},"potentialAction":[{"@type":"SearchAction","target":{"@type":"EntryPoint","urlTemplate":"https:\/\/marquesdevaldueza.com\/en\/?s={search_term_string}"},"query-input":"required name=search_term_string"}],"inLanguage":"en-US"},{"@type":"Organization","@id":"https:\/\/marquesdevaldueza.com\/en\/#organization","name":"Marqu\u00e9s de Valdueza","url":"https:\/\/marquesdevaldueza.com\/en\/","logo":{"@type":"ImageObject","inLanguage":"en-US","@id":"https:\/\/marquesdevaldueza.com\/en\/#\/schema\/logo\/image\/","url":"https:\/\/marquesdevaldueza.com\/wp-content\/uploads\/2018\/06\/Marques-de-Valdueza.jpg","contentUrl":"https:\/\/marquesdevaldueza.com\/wp-content\/uploads\/2018\/06\/Marques-de-Valdueza.jpg","width":500,"height":500,"caption":"Marqu\u00e9s de Valdueza"},"image":{"@id":"https:\/\/marquesdevaldueza.com\/en\/#\/schema\/logo\/image\/"}}]}},"_links":{"self":[{"href":"https:\/\/marquesdevaldueza.com\/en\/wp-json\/wp\/v2\/product\/2285"}],"collection":[{"href":"https:\/\/marquesdevaldueza.com\/en\/wp-json\/wp\/v2\/product"}],"about":[{"href":"https:\/\/marquesdevaldueza.com\/en\/wp-json\/wp\/v2\/types\/product"}],"replies":[{"embeddable":true,"href":"https:\/\/marquesdevaldueza.com\/en\/wp-json\/wp\/v2\/comments?post=2285"}],"wp:featuredmedia":[{"embeddable":true,"href":"https:\/\/marquesdevaldueza.com\/en\/wp-json\/wp\/v2\/media\/2222"}],"wp:attachment":[{"href":"https:\/\/marquesdevaldueza.com\/en\/wp-json\/wp\/v2\/media?parent=2285"}],"wp:term":[{"taxonomy":"product_cat","embeddable":true,"href":"https:\/\/marquesdevaldueza.com\/en\/wp-json\/wp\/v2\/product_cat?post=2285"},{"taxonomy":"product_tag","embeddable":true,"href":"https:\/\/marquesdevaldueza.com\/en\/wp-json\/wp\/v2\/product_tag?post=2285"}],"curies":[{"name":"wp","href":"https:\/\/api.w.org\/{rel}","templated":true}]}}