{"id":2280,"date":"2020-07-31T16:32:17","date_gmt":"2020-07-31T14:32:17","guid":{"rendered":"https:\/\/marquesdevaldueza.com\/producto\/green-shield-gift-box-with-one-bottle-extra-virgin-olive-oil-marques-valdueza-500ml-and-one-bottle-of-marques-valdueza-red-wine-vinegar-250ml\/"},"modified":"2020-08-03T12:27:53","modified_gmt":"2020-08-03T10:27:53","slug":"green-shield-gift-box-with-one-bottle-extra-virgin-olive-oil-marques-valdueza-500ml-and-one-bottle-of-marques-valdueza-red-wine-vinegar-250ml","status":"publish","type":"product","link":"https:\/\/marquesdevaldueza.com\/en\/producto\/green-shield-gift-box-with-one-bottle-extra-virgin-olive-oil-marques-valdueza-500ml-and-one-bottle-of-marques-valdueza-red-wine-vinegar-250ml\/","title":{"rendered":"Green shield gift box with one  bottle of Extra virgin olive oil Marqu\u00e9s de Valdueza 500 ml  and one bottle of Marqu\u00e9s de Valdueza Red Wine Vinegar 250 ml"},"content":{"rendered":"<h2>Marqu\u00e9s Valdueza green book gift box<\/h2>\n<h4>extra virgin olive oil bottle Marqu\u00e9s Valdueza 500 ml + red wine vinegar marqu\u00e9s de Valdueza 250 ml<br \/>\nExtra Virgin Olive Oil<\/h4>\n<p>Spring-scented oil with outstanding herbaceous green notes that presents a green fruity olive of medium-high intensity.<\/p>\n<p>Complex nose with hints of green almond, broom, light tones of green tomato and a deep fragrance of wild plants that culminates with light fruit notes.<\/p>\n<p>With a deep personality in the mouth, it is soft at first and then surprises with a light bitterness that leads to a slightly more intense spice, generating a wonderful balance. Herbaceous records predominate with wood tones, turning towards almond and green banana.<\/p>\n<p>Intangible fusion of aromas \/ flavors provided by the 4 great varieties that lend their profiles to the creation of this product.<\/p>\n<p>Red Wine Vinegar<\/p>\n<p>A clean and bright, honey-colored vinegar. Its aroma is intense and complex. We can talk about toasted wood with hints of vanilla, fennel and licorice spice, and even some ripe almond.<\/p>\n<p>In the mouth, the toasted touches of almond and licorice are increased. It also has hints of citrus like lemon or grapefruit.<\/p>\n","protected":false},"excerpt":{"rendered":"<p>Marqu\u00e9s Valdueza green book gift box extra virgin olive oil bottle Marqu\u00e9s Valdueza 500 ml + red wine vinegar marqu\u00e9s de Valdueza 250 ml Extra Virgin Olive Oil Spring-scented oil with outstanding herbaceous green notes that presents a green fruity olive of medium-high intensity. Complex nose with hints of green almond, broom, light tones of green tomato and a deep fragrance of wild plants that culminates with light fruit notes. With a deep personality in the mouth, it is soft<span class=\"excerpt-hellip\"> [\u2026]<\/span><\/p>\n","protected":false},"featured_media":2254,"comment_status":"open","ping_status":"closed","template":"","meta":[],"product_cat":[127],"product_tag":[126,128],"yoast_head":"<!-- This site is optimized with the Yoast SEO plugin v22.6 - https:\/\/yoast.com\/wordpress\/plugins\/seo\/ -->\n<title>Gourmet Gift Box EVOO + Vinegar Wine Marqu\u00e9s Valdueza<\/title>\n<meta name=\"description\" content=\"Perfect pairing of vinegar with aromas of toasted wood, hints of vanilla, fennel and licorice. Perfect accompaniment for the EVOO of the Marqu\u00e9s de Valdueza.\" \/>\n<meta name=\"robots\" content=\"index, follow, max-snippet:-1, max-image-preview:large, max-video-preview:-1\" \/>\n<link rel=\"canonical\" href=\"https:\/\/marquesdevaldueza.com\/en\/producto\/green-shield-gift-box-with-one-bottle-extra-virgin-olive-oil-marques-valdueza-500ml-and-one-bottle-of-marques-valdueza-red-wine-vinegar-250ml\/\" \/>\n<meta property=\"og:locale\" content=\"en_US\" \/>\n<meta property=\"og:type\" content=\"article\" \/>\n<meta property=\"og:title\" content=\"Gourmet Gift Box EVOO + Vinegar Wine Marqu\u00e9s Valdueza\" \/>\n<meta property=\"og:description\" content=\"Perfect pairing of vinegar with aromas of toasted wood, hints of vanilla, fennel and licorice. Perfect accompaniment for the EVOO of the Marqu\u00e9s de Valdueza.\" \/>\n<meta property=\"og:url\" content=\"https:\/\/marquesdevaldueza.com\/en\/producto\/green-shield-gift-box-with-one-bottle-extra-virgin-olive-oil-marques-valdueza-500ml-and-one-bottle-of-marques-valdueza-red-wine-vinegar-250ml\/\" \/>\n<meta property=\"og:site_name\" content=\"Marqu\u00e9s de Valdueza\" \/>\n<meta property=\"article:modified_time\" content=\"2020-08-03T10:27:53+00:00\" \/>\n<meta property=\"og:image\" content=\"https:\/\/marquesdevaldueza.com\/wp-content\/uploads\/2020\/07\/estuche-regalo-libro-verde-botella-aceite-oliva-virgen-extra-Marques-Valdueza-500ml-vinagre-vino-tinto-250ml.png\" \/>\n\t<meta property=\"og:image:width\" content=\"675\" \/>\n\t<meta property=\"og:image:height\" content=\"956\" \/>\n\t<meta property=\"og:image:type\" content=\"image\/png\" \/>\n<meta name=\"twitter:card\" content=\"summary_large_image\" \/>\n<meta name=\"twitter:label1\" content=\"Est. reading time\" \/>\n\t<meta name=\"twitter:data1\" content=\"1 minute\" \/>\n<script type=\"application\/ld+json\" class=\"yoast-schema-graph\">{\"@context\":\"https:\/\/schema.org\",\"@graph\":[{\"@type\":\"WebPage\",\"@id\":\"https:\/\/marquesdevaldueza.com\/en\/producto\/green-shield-gift-box-with-one-bottle-extra-virgin-olive-oil-marques-valdueza-500ml-and-one-bottle-of-marques-valdueza-red-wine-vinegar-250ml\/\",\"url\":\"https:\/\/marquesdevaldueza.com\/en\/producto\/green-shield-gift-box-with-one-bottle-extra-virgin-olive-oil-marques-valdueza-500ml-and-one-bottle-of-marques-valdueza-red-wine-vinegar-250ml\/\",\"name\":\"Gourmet Gift Box EVOO + Vinegar Wine Marqu\u00e9s Valdueza\",\"isPartOf\":{\"@id\":\"https:\/\/marquesdevaldueza.com\/en\/#website\"},\"primaryImageOfPage\":{\"@id\":\"https:\/\/marquesdevaldueza.com\/en\/producto\/green-shield-gift-box-with-one-bottle-extra-virgin-olive-oil-marques-valdueza-500ml-and-one-bottle-of-marques-valdueza-red-wine-vinegar-250ml\/#primaryimage\"},\"image\":{\"@id\":\"https:\/\/marquesdevaldueza.com\/en\/producto\/green-shield-gift-box-with-one-bottle-extra-virgin-olive-oil-marques-valdueza-500ml-and-one-bottle-of-marques-valdueza-red-wine-vinegar-250ml\/#primaryimage\"},\"thumbnailUrl\":\"https:\/\/marquesdevaldueza.com\/wp-content\/uploads\/2020\/07\/estuche-regalo-libro-verde-botella-aceite-oliva-virgen-extra-Marques-Valdueza-500ml-vinagre-vino-tinto-250ml.png\",\"datePublished\":\"2020-07-31T14:32:17+00:00\",\"dateModified\":\"2020-08-03T10:27:53+00:00\",\"description\":\"Perfect pairing of vinegar with aromas of toasted wood, hints of vanilla, fennel and licorice. Perfect accompaniment for the EVOO of the Marqu\u00e9s de Valdueza.\",\"breadcrumb\":{\"@id\":\"https:\/\/marquesdevaldueza.com\/en\/producto\/green-shield-gift-box-with-one-bottle-extra-virgin-olive-oil-marques-valdueza-500ml-and-one-bottle-of-marques-valdueza-red-wine-vinegar-250ml\/#breadcrumb\"},\"inLanguage\":\"en-US\",\"potentialAction\":[{\"@type\":\"ReadAction\",\"target\":[\"https:\/\/marquesdevaldueza.com\/en\/producto\/green-shield-gift-box-with-one-bottle-extra-virgin-olive-oil-marques-valdueza-500ml-and-one-bottle-of-marques-valdueza-red-wine-vinegar-250ml\/\"]}]},{\"@type\":\"ImageObject\",\"inLanguage\":\"en-US\",\"@id\":\"https:\/\/marquesdevaldueza.com\/en\/producto\/green-shield-gift-box-with-one-bottle-extra-virgin-olive-oil-marques-valdueza-500ml-and-one-bottle-of-marques-valdueza-red-wine-vinegar-250ml\/#primaryimage\",\"url\":\"https:\/\/marquesdevaldueza.com\/wp-content\/uploads\/2020\/07\/estuche-regalo-libro-verde-botella-aceite-oliva-virgen-extra-Marques-Valdueza-500ml-vinagre-vino-tinto-250ml.png\",\"contentUrl\":\"https:\/\/marquesdevaldueza.com\/wp-content\/uploads\/2020\/07\/estuche-regalo-libro-verde-botella-aceite-oliva-virgen-extra-Marques-Valdueza-500ml-vinagre-vino-tinto-250ml.png\",\"width\":675,\"height\":956},{\"@type\":\"BreadcrumbList\",\"@id\":\"https:\/\/marquesdevaldueza.com\/en\/producto\/green-shield-gift-box-with-one-bottle-extra-virgin-olive-oil-marques-valdueza-500ml-and-one-bottle-of-marques-valdueza-red-wine-vinegar-250ml\/#breadcrumb\",\"itemListElement\":[{\"@type\":\"ListItem\",\"position\":1,\"name\":\"Portada\",\"item\":\"https:\/\/marquesdevaldueza.com\/en\/\"},{\"@type\":\"ListItem\",\"position\":2,\"name\":\"Shop\",\"item\":\"https:\/\/marquesdevaldueza.com\/en\/shop\/\"},{\"@type\":\"ListItem\",\"position\":3,\"name\":\"Green shield gift box with one bottle of Extra virgin olive oil Marqu\u00e9s de Valdueza 500 ml and one bottle of Marqu\u00e9s de Valdueza Red Wine Vinegar 250 ml\"}]},{\"@type\":\"WebSite\",\"@id\":\"https:\/\/marquesdevaldueza.com\/en\/#website\",\"url\":\"https:\/\/marquesdevaldueza.com\/en\/\",\"name\":\"Marqu\u00e9s de Valdueza\",\"description\":\"Bodega Vinos y productos Marqu\u00e9s de Valdueza \",\"publisher\":{\"@id\":\"https:\/\/marquesdevaldueza.com\/en\/#organization\"},\"potentialAction\":[{\"@type\":\"SearchAction\",\"target\":{\"@type\":\"EntryPoint\",\"urlTemplate\":\"https:\/\/marquesdevaldueza.com\/en\/?s={search_term_string}\"},\"query-input\":\"required name=search_term_string\"}],\"inLanguage\":\"en-US\"},{\"@type\":\"Organization\",\"@id\":\"https:\/\/marquesdevaldueza.com\/en\/#organization\",\"name\":\"Marqu\u00e9s de Valdueza\",\"url\":\"https:\/\/marquesdevaldueza.com\/en\/\",\"logo\":{\"@type\":\"ImageObject\",\"inLanguage\":\"en-US\",\"@id\":\"https:\/\/marquesdevaldueza.com\/en\/#\/schema\/logo\/image\/\",\"url\":\"https:\/\/marquesdevaldueza.com\/wp-content\/uploads\/2018\/06\/Marques-de-Valdueza.jpg\",\"contentUrl\":\"https:\/\/marquesdevaldueza.com\/wp-content\/uploads\/2018\/06\/Marques-de-Valdueza.jpg\",\"width\":500,\"height\":500,\"caption\":\"Marqu\u00e9s de Valdueza\"},\"image\":{\"@id\":\"https:\/\/marquesdevaldueza.com\/en\/#\/schema\/logo\/image\/\"}}]}<\/script>\n<!-- \/ Yoast SEO plugin. -->","yoast_head_json":{"title":"Gourmet Gift Box EVOO + Vinegar Wine Marqu\u00e9s Valdueza","description":"Perfect pairing of vinegar with aromas of toasted wood, hints of vanilla, fennel and licorice. Perfect accompaniment for the EVOO of the Marqu\u00e9s de Valdueza.","robots":{"index":"index","follow":"follow","max-snippet":"max-snippet:-1","max-image-preview":"max-image-preview:large","max-video-preview":"max-video-preview:-1"},"canonical":"https:\/\/marquesdevaldueza.com\/en\/producto\/green-shield-gift-box-with-one-bottle-extra-virgin-olive-oil-marques-valdueza-500ml-and-one-bottle-of-marques-valdueza-red-wine-vinegar-250ml\/","og_locale":"en_US","og_type":"article","og_title":"Gourmet Gift Box EVOO + Vinegar Wine Marqu\u00e9s Valdueza","og_description":"Perfect pairing of vinegar with aromas of toasted wood, hints of vanilla, fennel and licorice. Perfect accompaniment for the EVOO of the Marqu\u00e9s de Valdueza.","og_url":"https:\/\/marquesdevaldueza.com\/en\/producto\/green-shield-gift-box-with-one-bottle-extra-virgin-olive-oil-marques-valdueza-500ml-and-one-bottle-of-marques-valdueza-red-wine-vinegar-250ml\/","og_site_name":"Marqu\u00e9s de Valdueza","article_modified_time":"2020-08-03T10:27:53+00:00","og_image":[{"width":675,"height":956,"url":"https:\/\/marquesdevaldueza.com\/wp-content\/uploads\/2020\/07\/estuche-regalo-libro-verde-botella-aceite-oliva-virgen-extra-Marques-Valdueza-500ml-vinagre-vino-tinto-250ml.png","type":"image\/png"}],"twitter_card":"summary_large_image","twitter_misc":{"Est. reading time":"1 minute"},"schema":{"@context":"https:\/\/schema.org","@graph":[{"@type":"WebPage","@id":"https:\/\/marquesdevaldueza.com\/en\/producto\/green-shield-gift-box-with-one-bottle-extra-virgin-olive-oil-marques-valdueza-500ml-and-one-bottle-of-marques-valdueza-red-wine-vinegar-250ml\/","url":"https:\/\/marquesdevaldueza.com\/en\/producto\/green-shield-gift-box-with-one-bottle-extra-virgin-olive-oil-marques-valdueza-500ml-and-one-bottle-of-marques-valdueza-red-wine-vinegar-250ml\/","name":"Gourmet Gift Box EVOO + Vinegar Wine Marqu\u00e9s Valdueza","isPartOf":{"@id":"https:\/\/marquesdevaldueza.com\/en\/#website"},"primaryImageOfPage":{"@id":"https:\/\/marquesdevaldueza.com\/en\/producto\/green-shield-gift-box-with-one-bottle-extra-virgin-olive-oil-marques-valdueza-500ml-and-one-bottle-of-marques-valdueza-red-wine-vinegar-250ml\/#primaryimage"},"image":{"@id":"https:\/\/marquesdevaldueza.com\/en\/producto\/green-shield-gift-box-with-one-bottle-extra-virgin-olive-oil-marques-valdueza-500ml-and-one-bottle-of-marques-valdueza-red-wine-vinegar-250ml\/#primaryimage"},"thumbnailUrl":"https:\/\/marquesdevaldueza.com\/wp-content\/uploads\/2020\/07\/estuche-regalo-libro-verde-botella-aceite-oliva-virgen-extra-Marques-Valdueza-500ml-vinagre-vino-tinto-250ml.png","datePublished":"2020-07-31T14:32:17+00:00","dateModified":"2020-08-03T10:27:53+00:00","description":"Perfect pairing of vinegar with aromas of toasted wood, hints of vanilla, fennel and licorice. Perfect accompaniment for the EVOO of the Marqu\u00e9s de Valdueza.","breadcrumb":{"@id":"https:\/\/marquesdevaldueza.com\/en\/producto\/green-shield-gift-box-with-one-bottle-extra-virgin-olive-oil-marques-valdueza-500ml-and-one-bottle-of-marques-valdueza-red-wine-vinegar-250ml\/#breadcrumb"},"inLanguage":"en-US","potentialAction":[{"@type":"ReadAction","target":["https:\/\/marquesdevaldueza.com\/en\/producto\/green-shield-gift-box-with-one-bottle-extra-virgin-olive-oil-marques-valdueza-500ml-and-one-bottle-of-marques-valdueza-red-wine-vinegar-250ml\/"]}]},{"@type":"ImageObject","inLanguage":"en-US","@id":"https:\/\/marquesdevaldueza.com\/en\/producto\/green-shield-gift-box-with-one-bottle-extra-virgin-olive-oil-marques-valdueza-500ml-and-one-bottle-of-marques-valdueza-red-wine-vinegar-250ml\/#primaryimage","url":"https:\/\/marquesdevaldueza.com\/wp-content\/uploads\/2020\/07\/estuche-regalo-libro-verde-botella-aceite-oliva-virgen-extra-Marques-Valdueza-500ml-vinagre-vino-tinto-250ml.png","contentUrl":"https:\/\/marquesdevaldueza.com\/wp-content\/uploads\/2020\/07\/estuche-regalo-libro-verde-botella-aceite-oliva-virgen-extra-Marques-Valdueza-500ml-vinagre-vino-tinto-250ml.png","width":675,"height":956},{"@type":"BreadcrumbList","@id":"https:\/\/marquesdevaldueza.com\/en\/producto\/green-shield-gift-box-with-one-bottle-extra-virgin-olive-oil-marques-valdueza-500ml-and-one-bottle-of-marques-valdueza-red-wine-vinegar-250ml\/#breadcrumb","itemListElement":[{"@type":"ListItem","position":1,"name":"Portada","item":"https:\/\/marquesdevaldueza.com\/en\/"},{"@type":"ListItem","position":2,"name":"Shop","item":"https:\/\/marquesdevaldueza.com\/en\/shop\/"},{"@type":"ListItem","position":3,"name":"Green shield gift box with one bottle of Extra virgin olive oil Marqu\u00e9s de Valdueza 500 ml and one bottle of Marqu\u00e9s de Valdueza Red Wine Vinegar 250 ml"}]},{"@type":"WebSite","@id":"https:\/\/marquesdevaldueza.com\/en\/#website","url":"https:\/\/marquesdevaldueza.com\/en\/","name":"Marqu\u00e9s de Valdueza","description":"Bodega Vinos y productos Marqu\u00e9s de Valdueza ","publisher":{"@id":"https:\/\/marquesdevaldueza.com\/en\/#organization"},"potentialAction":[{"@type":"SearchAction","target":{"@type":"EntryPoint","urlTemplate":"https:\/\/marquesdevaldueza.com\/en\/?s={search_term_string}"},"query-input":"required name=search_term_string"}],"inLanguage":"en-US"},{"@type":"Organization","@id":"https:\/\/marquesdevaldueza.com\/en\/#organization","name":"Marqu\u00e9s de Valdueza","url":"https:\/\/marquesdevaldueza.com\/en\/","logo":{"@type":"ImageObject","inLanguage":"en-US","@id":"https:\/\/marquesdevaldueza.com\/en\/#\/schema\/logo\/image\/","url":"https:\/\/marquesdevaldueza.com\/wp-content\/uploads\/2018\/06\/Marques-de-Valdueza.jpg","contentUrl":"https:\/\/marquesdevaldueza.com\/wp-content\/uploads\/2018\/06\/Marques-de-Valdueza.jpg","width":500,"height":500,"caption":"Marqu\u00e9s de Valdueza"},"image":{"@id":"https:\/\/marquesdevaldueza.com\/en\/#\/schema\/logo\/image\/"}}]}},"_links":{"self":[{"href":"https:\/\/marquesdevaldueza.com\/en\/wp-json\/wp\/v2\/product\/2280"}],"collection":[{"href":"https:\/\/marquesdevaldueza.com\/en\/wp-json\/wp\/v2\/product"}],"about":[{"href":"https:\/\/marquesdevaldueza.com\/en\/wp-json\/wp\/v2\/types\/product"}],"replies":[{"embeddable":true,"href":"https:\/\/marquesdevaldueza.com\/en\/wp-json\/wp\/v2\/comments?post=2280"}],"wp:featuredmedia":[{"embeddable":true,"href":"https:\/\/marquesdevaldueza.com\/en\/wp-json\/wp\/v2\/media\/2254"}],"wp:attachment":[{"href":"https:\/\/marquesdevaldueza.com\/en\/wp-json\/wp\/v2\/media?parent=2280"}],"wp:term":[{"taxonomy":"product_cat","embeddable":true,"href":"https:\/\/marquesdevaldueza.com\/en\/wp-json\/wp\/v2\/product_cat?post=2280"},{"taxonomy":"product_tag","embeddable":true,"href":"https:\/\/marquesdevaldueza.com\/en\/wp-json\/wp\/v2\/product_tag?post=2280"}],"curies":[{"name":"wp","href":"https:\/\/api.w.org\/{rel}","templated":true}]}}