{"id":1656,"date":"2017-04-18T08:27:09","date_gmt":"2017-04-18T06:27:09","guid":{"rendered":"http:\/\/marquesdevaldueza.com\/contacto\/"},"modified":"2020-01-23T13:52:13","modified_gmt":"2020-01-23T12:52:13","slug":"contact","status":"publish","type":"page","link":"https:\/\/marquesdevaldueza.com\/en\/contact\/","title":{"rendered":"CONTACT"},"content":{"rendered":"<div class=\"wpb-content-wrapper\"><p>[vc_row full_width=&#8221;stretch_row&#8221; css=&#8221;.vc_custom_1496390339450{padding-top: 115px !important;padding-bottom: 115px !important;background-image: url(http:\/\/marquesdevaldueza.com\/wp-content\/uploads\/2017\/04\/marques-de-valdueza-cabecera-contacto.jpg?id=1415) !important;background-position: center !important;background-repeat: no-repeat !important;background-size: cover !important;}&#8221;][vc_column][vc_column_text]<\/p>\n<h2 class=\"cabecerah2\" style=\"text-align: center;\">CONTACT<\/h2>\n<p>[\/vc_column_text][\/vc_column][\/vc_row][vc_section css=&#8221;.vc_custom_1492768066359{margin-top: 100px !important;margin-bottom: 100px !important;}&#8221;][vc_row content_placement=&#8221;top&#8221; css=&#8221;.vc_custom_1492766591216{margin-top: 50px !important;}&#8221;][vc_column width=&#8221;1\/3&#8243; css=&#8221;.vc_custom_1497430045406{padding-right: 20px !important;}&#8221;][vc_column_text]<\/p>\n<h5>OUR OFFICE<\/h5>\n<p>Fortuny 19, 1\u00ba Dcha, 28010 Madrid &#8211; Espa\u00f1a<\/p>\n<p>Tlf. +34 913 191 508<\/p>\n<p>Email. contact@marquesdevaldueza.com<\/p>\n<p>Fax. +34 913 084 034[\/vc_column_text][vc_column_text css=&#8221;.vc_custom_1506604727358{margin-top: 35px !important;}&#8221;]<\/p>\n<h5>VINEYARD AND WINERIES<\/h5>\n<p>Finca Perales de Valdueza<\/p>\n<p>Autov\u00eda Extremadura A-5, KM 360<\/p>\n<p>06800 (M\u00e9rida) Badajoz &#8211; Espa\u00f1a<\/p>\n<p>Tlf. +34\u00a0924 127 277[\/vc_column_text][\/vc_column][vc_column width=&#8221;2\/3&#8243;]\n<div class=\"wpcf7 no-js\" id=\"wpcf7-f2030-o1\" lang=\"es-ES\" dir=\"ltr\">\n<div class=\"screen-reader-response\"><p role=\"status\" aria-live=\"polite\" aria-atomic=\"true\"><\/p> <ul><\/ul><\/div>\n<form action=\"\/en\/wp-json\/wp\/v2\/pages\/1656#wpcf7-f2030-o1\" method=\"post\" class=\"wpcf7-form init\" aria-label=\"Formulario de contacto\" novalidate=\"novalidate\" data-status=\"init\">\n<div style=\"display: none;\">\n<input type=\"hidden\" name=\"_wpcf7\" value=\"2030\" \/>\n<input type=\"hidden\" name=\"_wpcf7_version\" value=\"5.9.4\" \/>\n<input type=\"hidden\" name=\"_wpcf7_locale\" value=\"es_ES\" \/>\n<input type=\"hidden\" name=\"_wpcf7_unit_tag\" value=\"wpcf7-f2030-o1\" \/>\n<input type=\"hidden\" name=\"_wpcf7_container_post\" value=\"0\" \/>\n<input type=\"hidden\" name=\"_wpcf7_posted_data_hash\" value=\"\" \/>\n<input type=\"hidden\" name=\"_wpcf7_recaptcha_response\" value=\"\" \/>\n<\/div>\n<p><label> Your name (required)<br \/>\n<span class=\"wpcf7-form-control-wrap\" data-name=\"Nombre\"><input size=\"40\" class=\"wpcf7-form-control wpcf7-text wpcf7-validates-as-required\" aria-required=\"true\" aria-invalid=\"false\" value=\"\" type=\"text\" name=\"Nombre\" \/><\/span> <\/label>\n<\/p>\n<p><label> Your email (required)<br \/>\n<span class=\"wpcf7-form-control-wrap\" data-name=\"Correo\"><input size=\"40\" class=\"wpcf7-form-control wpcf7-email wpcf7-validates-as-required wpcf7-text wpcf7-validates-as-email\" aria-required=\"true\" aria-invalid=\"false\" value=\"\" type=\"email\" name=\"Correo\" \/><\/span> <\/label>\n<\/p>\n<p><label> Your message (required)<br \/>\n<span class=\"wpcf7-form-control-wrap\" data-name=\"Mensaje\"><textarea cols=\"40\" rows=\"10\" class=\"wpcf7-form-control wpcf7-textarea wpcf7-validates-as-required\" aria-required=\"true\" aria-invalid=\"false\" name=\"Mensaje\"><\/textarea><\/span> <\/label>\n<\/p>\n<p><span class=\"wpcf7-form-control-wrap\" data-name=\"Acepto\"><span class=\"wpcf7-form-control wpcf7-acceptance\"><span class=\"wpcf7-list-item\"><input type=\"checkbox\" name=\"Acepto\" value=\"1\" aria-invalid=\"false\" \/><\/span><\/span><\/span>I have read and agree with <a href=\"https:\/\/marquesdevaldueza.com\/en\/privacy-policy\/\">privacy policy<\/a> of this web page.\n<\/p>\n<p><input class=\"wpcf7-form-control wpcf7-submit has-spinner\" type=\"submit\" value=\"Send form\" \/>\n<\/p><p style=\"display: none !important;\" class=\"akismet-fields-container\" data-prefix=\"_wpcf7_ak_\"><label>&#916;<textarea name=\"_wpcf7_ak_hp_textarea\" cols=\"45\" rows=\"8\" maxlength=\"100\"><\/textarea><\/label><input type=\"hidden\" id=\"ak_js_1\" name=\"_wpcf7_ak_js\" value=\"156\"\/><script>document.getElementById( \"ak_js_1\" ).setAttribute( \"value\", ( new Date() ).getTime() );<\/script><\/p><div class=\"wpcf7-response-output\" aria-hidden=\"true\"><\/div>\n<\/form>\n<\/div>\n[\/vc_column][\/vc_row][\/vc_section][vc_row full_width=&#8221;stretch_row_content_no_spaces&#8221;][vc_column][vc_gmaps link=&#8221;#E-8_JTNDaWZyYW1lJTIwc3JjJTNEJTIyaHR0cHMlM0ElMkYlMkZ3d3cuZ29vZ2xlLmNvbSUyRm1hcHMlMkZlbWJlZCUzRnBiJTNEJTIxMW0xOCUyMTFtMTIlMjExbTMlMjExZDMwMzcuMDQzNzk4MjAxNzc2JTIxMmQtMy42OTMxOTI0ODQ0MzIzOTYlMjEzZDQwLjQzMDAyOTA2Mjc1NDI3JTIxMm0zJTIxMWYwJTIxMmYwJTIxM2YwJTIxM20yJTIxMWkxMDI0JTIxMmk3NjglMjE0ZjEzLjElMjEzbTMlMjExbTIlMjExczB4ZDQyMjg5MjQ2NWYzNjUzJTI1M0EweDM3NTkyODI4NjNiZTQ2ZjMlMjEyc0NhbGxlJTJCZGUlMkJGb3J0dW55JTI1MkMlMkIxOSUyNTJDJTJCMjgwMTAlMkJNYWRyaWQlMjE1ZTAlMjEzbTIlMjExc2VzJTIxMnNlcyUyMTR2MTQ5Mjc3MTU1NTc0NyUyMiUyMHdpZHRoJTNEJTIyNjAwJTIyJTIwaGVpZ2h0JTNEJTIyNDUwJTIyJTIwZnJhbWVib3JkZXIlM0QlMjIwJTIyJTIwc3R5bGUlM0QlMjJib3JkZXIlM0EwJTIyJTIwYWxsb3dmdWxsc2NyZWVuJTNFJTNDJTJGaWZyYW1lJTNF&#8221; size=&#8221;350px&#8221;][\/vc_column][\/vc_row]<\/p>\n<\/div>","protected":false},"excerpt":{"rendered":"<p>[vc_row full_width=&#8221;stretch_row&#8221; css=&#8221;.vc_custom_1496390339450{padding-top: 115px !important;padding-bottom: 115px !important;background-image: url(http:\/\/marquesdevaldueza.com\/wp-content\/uploads\/2017\/04\/marques-de-valdueza-cabecera-contacto.jpg?id=1415) !important;background-position: center !important;background-repeat: no-repeat !important;background-size: cover !important;}&#8221;][vc_column][vc_column_text] CONTACT [\/vc_column_text][\/vc_column][\/vc_row][vc_section css=&#8221;.vc_custom_1492768066359{margin-top: 100px !important;margin-bottom: 100px !important;}&#8221;][vc_row content_placement=&#8221;top&#8221; css=&#8221;.vc_custom_1492766591216{margin-top: 50px !important;}&#8221;][vc_column width=&#8221;1\/3&#8243; css=&#8221;.vc_custom_1497430045406{padding-right: 20px !important;}&#8221;][vc_column_text] OUR OFFICE Fortuny 19, 1\u00ba Dcha, 28010 Madrid &#8211; Espa\u00f1a Tlf. +34 913 191 508 Email. contact@marquesdevaldueza.com Fax. +34 913 084 034[\/vc_column_text][vc_column_text css=&#8221;.vc_custom_1506604727358{margin-top: 35px !important;}&#8221;] VINEYARD AND WINERIES Finca Perales de Valdueza Autov\u00eda Extremadura A-5, KM 360 06800 (M\u00e9rida) Badajoz &#8211; Espa\u00f1a Tlf. +34\u00a0924 127 277[\/vc_column_text][\/vc_column][vc_column width=&#8221;2\/3&#8243;][\/vc_column][\/vc_row][\/vc_section][vc_row full_width=&#8221;stretch_row_content_no_spaces&#8221;][vc_column][vc_gmaps link=&#8221;#E-8_JTNDaWZyYW1lJTIwc3JjJTNEJTIyaHR0cHMlM0ElMkYlMkZ3d3cuZ29vZ2xlLmNvbSUyRm1hcHMlMkZlbWJlZCUzRnBiJTNEJTIxMW0xOCUyMTFtMTIlMjExbTMlMjExZDMwMzcuMDQzNzk4MjAxNzc2JTIxMmQtMy42OTMxOTI0ODQ0MzIzOTYlMjEzZDQwLjQzMDAyOTA2Mjc1NDI3JTIxMm0zJTIxMWYwJTIxMmYwJTIxM2YwJTIxM20yJTIxMWkxMDI0JTIxMmk3NjglMjE0ZjEzLjElMjEzbTMlMjExbTIlMjExczB4ZDQyMjg5MjQ2NWYzNjUzJTI1M0EweDM3NTkyODI4NjNiZTQ2ZjMlMjEyc0NhbGxlJTJCZGUlMkJGb3J0dW55JTI1MkMlMkIxOSUyNTJDJTJCMjgwMTAlMkJNYWRyaWQlMjE1ZTAlMjEzbTIlMjExc2VzJTIxMnNlcyUyMTR2MTQ5Mjc3MTU1NTc0NyUyMiUyMHdpZHRoJTNEJTIyNjAwJTIyJTIwaGVpZ2h0JTNEJTIyNDUwJTIyJTIwZnJhbWVib3JkZXIlM0QlMjIwJTIyJTIwc3R5bGUlM0QlMjJib3JkZXIlM0EwJTIyJTIwYWxsb3dmdWxsc2NyZWVuJTNFJTNDJTJGaWZyYW1lJTNF&#8221; size=&#8221;350px&#8221;][\/vc_column][\/vc_row]<\/p>\n","protected":false},"author":4,"featured_media":0,"parent":0,"menu_order":0,"comment_status":"closed","ping_status":"closed","template":"","meta":{"footnotes":""},"yoast_head":"<!-- This site is optimized with the Yoast SEO plugin v22.6 - https:\/\/yoast.com\/wordpress\/plugins\/seo\/ -->\n<title>CONTACT | Marqu\u00e9s de Valdueza<\/title>\n<meta name=\"robots\" content=\"index, follow, max-snippet:-1, max-image-preview:large, max-video-preview:-1\" \/>\n<link rel=\"canonical\" href=\"https:\/\/marquesdevaldueza.com\/en\/contact\/\" \/>\n<meta property=\"og:locale\" content=\"en_US\" \/>\n<meta property=\"og:type\" content=\"article\" \/>\n<meta property=\"og:title\" content=\"CONTACT | Marqu\u00e9s de Valdueza\" \/>\n<meta property=\"og:description\" content=\"[vc_row full_width=&#8221;stretch_row&#8221; css=&#8221;.vc_custom_1496390339450{padding-top: 115px !important;padding-bottom: 115px !important;background-image: url(http:\/\/marquesdevaldueza.com\/wp-content\/uploads\/2017\/04\/marques-de-valdueza-cabecera-contacto.jpg?id=1415) !important;background-position: center !important;background-repeat: no-repeat !important;background-size: cover !important;}&#8221;][vc_column][vc_column_text] CONTACT [\/vc_column_text][\/vc_column][\/vc_row][vc_section css=&#8221;.vc_custom_1492768066359{margin-top: 100px !important;margin-bottom: 100px !important;}&#8221;][vc_row content_placement=&#8221;top&#8221; css=&#8221;.vc_custom_1492766591216{margin-top: 50px !important;}&#8221;][vc_column width=&#8221;1\/3&#8243; css=&#8221;.vc_custom_1497430045406{padding-right: 20px !important;}&#8221;][vc_column_text] OUR OFFICE Fortuny 19, 1\u00ba Dcha, 28010 Madrid &#8211; Espa\u00f1a Tlf. +34 913 191 508 Email. contact@marquesdevaldueza.com Fax. +34 913 084 034[\/vc_column_text][vc_column_text css=&#8221;.vc_custom_1506604727358{margin-top: 35px !important;}&#8221;] VINEYARD AND WINERIES Finca Perales de Valdueza Autov\u00eda Extremadura A-5, KM 360 06800 (M\u00e9rida) Badajoz &#8211; Espa\u00f1a Tlf. +34\u00a0924 127 277[\/vc_column_text][\/vc_column][vc_column width=&#8221;2\/3&#8243;][\/vc_column][\/vc_row][\/vc_section][vc_row full_width=&#8221;stretch_row_content_no_spaces&#8221;][vc_column][vc_gmaps link=&#8221;#E-8_JTNDaWZyYW1lJTIwc3JjJTNEJTIyaHR0cHMlM0ElMkYlMkZ3d3cuZ29vZ2xlLmNvbSUyRm1hcHMlMkZlbWJlZCUzRnBiJTNEJTIxMW0xOCUyMTFtMTIlMjExbTMlMjExZDMwMzcuMDQzNzk4MjAxNzc2JTIxMmQtMy42OTMxOTI0ODQ0MzIzOTYlMjEzZDQwLjQzMDAyOTA2Mjc1NDI3JTIxMm0zJTIxMWYwJTIxMmYwJTIxM2YwJTIxM20yJTIxMWkxMDI0JTIxMmk3NjglMjE0ZjEzLjElMjEzbTMlMjExbTIlMjExczB4ZDQyMjg5MjQ2NWYzNjUzJTI1M0EweDM3NTkyODI4NjNiZTQ2ZjMlMjEyc0NhbGxlJTJCZGUlMkJGb3J0dW55JTI1MkMlMkIxOSUyNTJDJTJCMjgwMTAlMkJNYWRyaWQlMjE1ZTAlMjEzbTIlMjExc2VzJTIxMnNlcyUyMTR2MTQ5Mjc3MTU1NTc0NyUyMiUyMHdpZHRoJTNEJTIyNjAwJTIyJTIwaGVpZ2h0JTNEJTIyNDUwJTIyJTIwZnJhbWVib3JkZXIlM0QlMjIwJTIyJTIwc3R5bGUlM0QlMjJib3JkZXIlM0EwJTIyJTIwYWxsb3dmdWxsc2NyZWVuJTNFJTNDJTJGaWZyYW1lJTNF&#8221; size=&#8221;350px&#8221;][\/vc_column][\/vc_row]\" \/>\n<meta property=\"og:url\" content=\"https:\/\/marquesdevaldueza.com\/en\/contact\/\" \/>\n<meta property=\"og:site_name\" content=\"Marqu\u00e9s de Valdueza\" \/>\n<meta property=\"article:modified_time\" content=\"2020-01-23T12:52:13+00:00\" \/>\n<meta name=\"twitter:card\" content=\"summary_large_image\" \/>\n<meta name=\"twitter:label1\" content=\"Est. reading time\" \/>\n\t<meta name=\"twitter:data1\" content=\"1 minute\" \/>\n<script type=\"application\/ld+json\" class=\"yoast-schema-graph\">{\"@context\":\"https:\/\/schema.org\",\"@graph\":[{\"@type\":\"WebPage\",\"@id\":\"https:\/\/marquesdevaldueza.com\/en\/contact\/\",\"url\":\"https:\/\/marquesdevaldueza.com\/en\/contact\/\",\"name\":\"CONTACT | Marqu\u00e9s de Valdueza\",\"isPartOf\":{\"@id\":\"https:\/\/marquesdevaldueza.com\/en\/#website\"},\"datePublished\":\"2017-04-18T06:27:09+00:00\",\"dateModified\":\"2020-01-23T12:52:13+00:00\",\"breadcrumb\":{\"@id\":\"https:\/\/marquesdevaldueza.com\/en\/contact\/#breadcrumb\"},\"inLanguage\":\"en-US\",\"potentialAction\":[{\"@type\":\"ReadAction\",\"target\":[\"https:\/\/marquesdevaldueza.com\/en\/contact\/\"]}]},{\"@type\":\"BreadcrumbList\",\"@id\":\"https:\/\/marquesdevaldueza.com\/en\/contact\/#breadcrumb\",\"itemListElement\":[{\"@type\":\"ListItem\",\"position\":1,\"name\":\"Portada\",\"item\":\"https:\/\/marquesdevaldueza.com\/en\/\"},{\"@type\":\"ListItem\",\"position\":2,\"name\":\"CONTACT\"}]},{\"@type\":\"WebSite\",\"@id\":\"https:\/\/marquesdevaldueza.com\/en\/#website\",\"url\":\"https:\/\/marquesdevaldueza.com\/en\/\",\"name\":\"Marqu\u00e9s de Valdueza\",\"description\":\"Bodega Vinos y productos Marqu\u00e9s de Valdueza \",\"publisher\":{\"@id\":\"https:\/\/marquesdevaldueza.com\/en\/#organization\"},\"potentialAction\":[{\"@type\":\"SearchAction\",\"target\":{\"@type\":\"EntryPoint\",\"urlTemplate\":\"https:\/\/marquesdevaldueza.com\/en\/?s={search_term_string}\"},\"query-input\":\"required name=search_term_string\"}],\"inLanguage\":\"en-US\"},{\"@type\":\"Organization\",\"@id\":\"https:\/\/marquesdevaldueza.com\/en\/#organization\",\"name\":\"Marqu\u00e9s de Valdueza\",\"url\":\"https:\/\/marquesdevaldueza.com\/en\/\",\"logo\":{\"@type\":\"ImageObject\",\"inLanguage\":\"en-US\",\"@id\":\"https:\/\/marquesdevaldueza.com\/en\/#\/schema\/logo\/image\/\",\"url\":\"https:\/\/marquesdevaldueza.com\/wp-content\/uploads\/2018\/06\/Marques-de-Valdueza.jpg\",\"contentUrl\":\"https:\/\/marquesdevaldueza.com\/wp-content\/uploads\/2018\/06\/Marques-de-Valdueza.jpg\",\"width\":500,\"height\":500,\"caption\":\"Marqu\u00e9s de Valdueza\"},\"image\":{\"@id\":\"https:\/\/marquesdevaldueza.com\/en\/#\/schema\/logo\/image\/\"}}]}<\/script>\n<!-- \/ Yoast SEO plugin. -->","yoast_head_json":{"title":"CONTACT | Marqu\u00e9s de Valdueza","robots":{"index":"index","follow":"follow","max-snippet":"max-snippet:-1","max-image-preview":"max-image-preview:large","max-video-preview":"max-video-preview:-1"},"canonical":"https:\/\/marquesdevaldueza.com\/en\/contact\/","og_locale":"en_US","og_type":"article","og_title":"CONTACT | Marqu\u00e9s de Valdueza","og_description":"[vc_row full_width=&#8221;stretch_row&#8221; css=&#8221;.vc_custom_1496390339450{padding-top: 115px !important;padding-bottom: 115px !important;background-image: url(http:\/\/marquesdevaldueza.com\/wp-content\/uploads\/2017\/04\/marques-de-valdueza-cabecera-contacto.jpg?id=1415) !important;background-position: center !important;background-repeat: no-repeat !important;background-size: cover !important;}&#8221;][vc_column][vc_column_text] CONTACT [\/vc_column_text][\/vc_column][\/vc_row][vc_section css=&#8221;.vc_custom_1492768066359{margin-top: 100px !important;margin-bottom: 100px !important;}&#8221;][vc_row content_placement=&#8221;top&#8221; css=&#8221;.vc_custom_1492766591216{margin-top: 50px !important;}&#8221;][vc_column width=&#8221;1\/3&#8243; css=&#8221;.vc_custom_1497430045406{padding-right: 20px !important;}&#8221;][vc_column_text] OUR OFFICE Fortuny 19, 1\u00ba Dcha, 28010 Madrid &#8211; Espa\u00f1a Tlf. +34 913 191 508 Email. contact@marquesdevaldueza.com Fax. +34 913 084 034[\/vc_column_text][vc_column_text css=&#8221;.vc_custom_1506604727358{margin-top: 35px !important;}&#8221;] VINEYARD AND WINERIES Finca Perales de Valdueza Autov\u00eda Extremadura A-5, KM 360 06800 (M\u00e9rida) Badajoz &#8211; Espa\u00f1a Tlf. +34\u00a0924 127 277[\/vc_column_text][\/vc_column][vc_column width=&#8221;2\/3&#8243;][\/vc_column][\/vc_row][\/vc_section][vc_row full_width=&#8221;stretch_row_content_no_spaces&#8221;][vc_column][vc_gmaps link=&#8221;#E-8_JTNDaWZyYW1lJTIwc3JjJTNEJTIyaHR0cHMlM0ElMkYlMkZ3d3cuZ29vZ2xlLmNvbSUyRm1hcHMlMkZlbWJlZCUzRnBiJTNEJTIxMW0xOCUyMTFtMTIlMjExbTMlMjExZDMwMzcuMDQzNzk4MjAxNzc2JTIxMmQtMy42OTMxOTI0ODQ0MzIzOTYlMjEzZDQwLjQzMDAyOTA2Mjc1NDI3JTIxMm0zJTIxMWYwJTIxMmYwJTIxM2YwJTIxM20yJTIxMWkxMDI0JTIxMmk3NjglMjE0ZjEzLjElMjEzbTMlMjExbTIlMjExczB4ZDQyMjg5MjQ2NWYzNjUzJTI1M0EweDM3NTkyODI4NjNiZTQ2ZjMlMjEyc0NhbGxlJTJCZGUlMkJGb3J0dW55JTI1MkMlMkIxOSUyNTJDJTJCMjgwMTAlMkJNYWRyaWQlMjE1ZTAlMjEzbTIlMjExc2VzJTIxMnNlcyUyMTR2MTQ5Mjc3MTU1NTc0NyUyMiUyMHdpZHRoJTNEJTIyNjAwJTIyJTIwaGVpZ2h0JTNEJTIyNDUwJTIyJTIwZnJhbWVib3JkZXIlM0QlMjIwJTIyJTIwc3R5bGUlM0QlMjJib3JkZXIlM0EwJTIyJTIwYWxsb3dmdWxsc2NyZWVuJTNFJTNDJTJGaWZyYW1lJTNF&#8221; size=&#8221;350px&#8221;][\/vc_column][\/vc_row]","og_url":"https:\/\/marquesdevaldueza.com\/en\/contact\/","og_site_name":"Marqu\u00e9s de Valdueza","article_modified_time":"2020-01-23T12:52:13+00:00","twitter_card":"summary_large_image","twitter_misc":{"Est. reading time":"1 minute"},"schema":{"@context":"https:\/\/schema.org","@graph":[{"@type":"WebPage","@id":"https:\/\/marquesdevaldueza.com\/en\/contact\/","url":"https:\/\/marquesdevaldueza.com\/en\/contact\/","name":"CONTACT | Marqu\u00e9s de Valdueza","isPartOf":{"@id":"https:\/\/marquesdevaldueza.com\/en\/#website"},"datePublished":"2017-04-18T06:27:09+00:00","dateModified":"2020-01-23T12:52:13+00:00","breadcrumb":{"@id":"https:\/\/marquesdevaldueza.com\/en\/contact\/#breadcrumb"},"inLanguage":"en-US","potentialAction":[{"@type":"ReadAction","target":["https:\/\/marquesdevaldueza.com\/en\/contact\/"]}]},{"@type":"BreadcrumbList","@id":"https:\/\/marquesdevaldueza.com\/en\/contact\/#breadcrumb","itemListElement":[{"@type":"ListItem","position":1,"name":"Portada","item":"https:\/\/marquesdevaldueza.com\/en\/"},{"@type":"ListItem","position":2,"name":"CONTACT"}]},{"@type":"WebSite","@id":"https:\/\/marquesdevaldueza.com\/en\/#website","url":"https:\/\/marquesdevaldueza.com\/en\/","name":"Marqu\u00e9s de Valdueza","description":"Bodega Vinos y productos Marqu\u00e9s de Valdueza ","publisher":{"@id":"https:\/\/marquesdevaldueza.com\/en\/#organization"},"potentialAction":[{"@type":"SearchAction","target":{"@type":"EntryPoint","urlTemplate":"https:\/\/marquesdevaldueza.com\/en\/?s={search_term_string}"},"query-input":"required name=search_term_string"}],"inLanguage":"en-US"},{"@type":"Organization","@id":"https:\/\/marquesdevaldueza.com\/en\/#organization","name":"Marqu\u00e9s de Valdueza","url":"https:\/\/marquesdevaldueza.com\/en\/","logo":{"@type":"ImageObject","inLanguage":"en-US","@id":"https:\/\/marquesdevaldueza.com\/en\/#\/schema\/logo\/image\/","url":"https:\/\/marquesdevaldueza.com\/wp-content\/uploads\/2018\/06\/Marques-de-Valdueza.jpg","contentUrl":"https:\/\/marquesdevaldueza.com\/wp-content\/uploads\/2018\/06\/Marques-de-Valdueza.jpg","width":500,"height":500,"caption":"Marqu\u00e9s de Valdueza"},"image":{"@id":"https:\/\/marquesdevaldueza.com\/en\/#\/schema\/logo\/image\/"}}]}},"_links":{"self":[{"href":"https:\/\/marquesdevaldueza.com\/en\/wp-json\/wp\/v2\/pages\/1656"}],"collection":[{"href":"https:\/\/marquesdevaldueza.com\/en\/wp-json\/wp\/v2\/pages"}],"about":[{"href":"https:\/\/marquesdevaldueza.com\/en\/wp-json\/wp\/v2\/types\/page"}],"author":[{"embeddable":true,"href":"https:\/\/marquesdevaldueza.com\/en\/wp-json\/wp\/v2\/users\/4"}],"replies":[{"embeddable":true,"href":"https:\/\/marquesdevaldueza.com\/en\/wp-json\/wp\/v2\/comments?post=1656"}],"version-history":[{"count":0,"href":"https:\/\/marquesdevaldueza.com\/en\/wp-json\/wp\/v2\/pages\/1656\/revisions"}],"wp:attachment":[{"href":"https:\/\/marquesdevaldueza.com\/en\/wp-json\/wp\/v2\/media?parent=1656"}],"curies":[{"name":"wp","href":"https:\/\/api.w.org\/{rel}","templated":true}]}}