{"id":1626,"date":"2017-05-23T09:58:05","date_gmt":"2017-05-23T07:58:05","guid":{"rendered":"http:\/\/marquesdevaldueza.com\/conocenos\/"},"modified":"2017-06-28T16:53:44","modified_gmt":"2017-06-28T14:53:44","slug":"about-us","status":"publish","type":"page","link":"https:\/\/marquesdevaldueza.com\/en\/about-us\/","title":{"rendered":"ABOUT US"},"content":{"rendered":"<div class=\"wpb-content-wrapper\"><p>[vc_row full_width=&#8221;stretch_row&#8221; content_placement=&#8221;middle&#8221; css=&#8221;.vc_custom_1496758951140{padding-top: 190px !important;padding-bottom: 190px !important;background-image: url(http:\/\/marquesdevaldueza.com\/wp-content\/uploads\/2017\/05\/maques-de-valdueza-cabecera-1.png?id=1450) !important;background-position: center !important;background-repeat: no-repeat !important;background-size: cover !important;}&#8221;][vc_column][vc_column_text]<\/p>\n<h3 class=\"cabecerah3\" style=\"text-align: center;\">OUR<\/h3>\n<h2 class=\"cabecerah2\" style=\"text-align: center;\">HISTORY<\/h2>\n<p>[\/vc_column_text][\/vc_column][\/vc_row][vc_row gap=&#8221;10&#8243; content_placement=&#8221;middle&#8221; css=&#8221;.vc_custom_1496074388546{margin-top: 72px !important;margin-bottom: 30px !important;}&#8221;][vc_column width=&#8221;1\/2&#8243; offset=&#8221;vc_hidden-sm vc_hidden-xs&#8221;][vc_row_inner][vc_column_inner][vc_column_text]<\/p>\n<h3>A Family Tradition<\/h3>\n<p>[\/vc_column_text][vc_separator color=&#8221;custom&#8221; align=&#8221;align_left&#8221; border_width=&#8221;2&#8243; el_width=&#8221;10&#8243; css=&#8221;.vc_custom_1496214112693{padding-top: 5px !important;padding-bottom: 10px !important;}&#8221; accent_color=&#8221;#670525&#8243;][vc_column_text]Historians know the name Valdueza for the relevance of the \u00c1lvarez de Toledo family in the history of Spain, Europe, and America. Romantics will tell you that we are one of the last families that still drives cattle on horseback from Extremadura to \u00c1vila. For gourmets, the name Valdueza means a magnificent olive oil, red wine, vinegar, and honey.[\/vc_column_text][vc_column_text]It is worth mentioning family members such as D. Pedro \u00c1lvarez de Toledo, Count of Carri\u00f3n (11th Century) who reconquered Toledo from the moros; Fadrique \u00c1lvarez de Toledo, II Duke of Alba and private counselor of Ferdinand and Isabella; His son, Fernando, Gran Duke of Alba; D. Pedro \u00c1lvarez de Toledo, Marquis of Miraflores and Viceroy of the Kingdom of the Two Sicilies; D. Francisco \u00c1lvarez de Toledo, Count of Oropesa and Viceroy of Peru. And last, we should cite D. Fadrique \u00c1lvarez de Toledo y Osorio, who received from King Philip IV in 1624 the title of <strong>Marqu\u00e9s de Valdueza,<\/strong> for his many services to the Crown, the least of which was not the defense of Salvador de Bah\u00eda keeping the Dutch out of Brazil when he was the Admiral of the Atlantic Ocean.[\/vc_column_text][\/vc_column_inner][\/vc_row_inner][\/vc_column][vc_column width=&#8221;1\/2&#8243; offset=&#8221;vc_hidden-sm vc_hidden-xs&#8221;][vc_row_inner gap=&#8221;5&#8243; css=&#8221;.vc_custom_1497425654919{padding-top: 55px !important;padding-left: 0px !important;}&#8221;][vc_column_inner width=&#8221;1\/2&#8243; css=&#8221;.vc_custom_1496068926692{padding-right: 0px !important;}&#8221;][vc_single_image image=&#8221;883&#8243; img_size=&#8221;270&#215;350&#8243; css=&#8221;.vc_custom_1497425661141{padding-right: 0px !important;}&#8221;][\/vc_column_inner][vc_column_inner width=&#8221;1\/2&#8243;][vc_single_image image=&#8221;1454&#8243; img_size=&#8221;270&#215;350&#8243; alignment=&#8221;right&#8221; css=&#8221;.vc_custom_1497425666374{padding-left: 0px !important;}&#8221;][\/vc_column_inner][\/vc_row_inner][\/vc_column][\/vc_row][vc_row gap=&#8221;10&#8243; content_placement=&#8221;middle&#8221; css=&#8221;.vc_custom_1496074388546{margin-top: 72px !important;margin-bottom: 30px !important;}&#8221;][vc_column offset=&#8221;vc_hidden-lg vc_hidden-md&#8221;][vc_column_text]<\/p>\n<h3>A Family Tradition<\/h3>\n<p>[\/vc_column_text][vc_separator color=&#8221;custom&#8221; align=&#8221;align_left&#8221; border_width=&#8221;2&#8243; el_width=&#8221;10&#8243; css=&#8221;.vc_custom_1496214112693{padding-top: 5px !important;padding-bottom: 10px !important;}&#8221; accent_color=&#8221;#670525&#8243;][vc_column_text]Historians know the name Valdueza for the relevance of the \u00c1lvarez de Toledo family in the history of Spain, Europe, and America. Romantics will tell you that we are one of the last families that still drives cattle on horseback from Extremadura to \u00c1vila. For gourmets, the name Valdueza means a magnificent olive oil, red wine, vinegar, and honey.[\/vc_column_text][vc_column_text]It is worth mentioning family members such as D. Pedro \u00c1lvarez de Toledo, Count of Carri\u00f3n (11th Century) who reconquered Toledo from the moros; Fadrique \u00c1lvarez de Toledo, II Duke of Alba and private counselor of Ferdinand and Isabella; His son, Fernando, Gran Duke of Alba; D. Pedro \u00c1lvarez de Toledo, Marquis of Miraflores and Viceroy of the Kingdom of the Two Sicilies; D. Francisco \u00c1lvarez de Toledo, Count of Oropesa and Viceroy of Peru. And last, we should cite D. Fadrique \u00c1lvarez de Toledo y Osorio, who received from King Philip IV in 1624 the title of <strong>Marqu\u00e9s de Valdueza,<\/strong> for his many services to the Crown, the least of which was not the defense of Salvador de Bah\u00eda keeping the Dutch out of Brazil when he was the Admiral of the Atlantic Ocean.[\/vc_column_text][vc_row_inner css=&#8221;.vc_custom_1497425508952{padding-top: 55px !important;padding-left: 0px !important;}&#8221;][vc_column_inner width=&#8221;1\/2&#8243; css=&#8221;.vc_custom_1497425526178{margin-right: 3px !important;}&#8221;][vc_single_image image=&#8221;883&#8243; img_size=&#8221;270&#215;350&#8243; alignment=&#8221;right&#8221; css=&#8221;.vc_custom_1496069343536{padding-right: 0px !important;}&#8221;][\/vc_column_inner][vc_column_inner width=&#8221;1\/2&#8243; css=&#8221;.vc_custom_1497425531444{margin-left: 3px !important;}&#8221;][vc_single_image image=&#8221;1454&#8243; img_size=&#8221;270&#215;350&#8243; alignment=&#8221;right&#8221; css=&#8221;.vc_custom_1496758975798{padding-left: 0px !important;}&#8221;][\/vc_column_inner][\/vc_row_inner][\/vc_column][\/vc_row][vc_row full_width=&#8221;stretch_row_content_no_spaces&#8221; content_placement=&#8221;middle&#8221; css=&#8221;.vc_custom_1497426162611{background-color: #f4f0ea !important;}&#8221;][vc_column width=&#8221;1\/2&#8243; css=&#8221;.vc_custom_1498134309717{padding-top: 250px !important;padding-bottom: 250px !important;background-image: url(http:\/\/marquesdevaldueza.com\/wp-content\/uploads\/2017\/05\/marques-de-valduezahistoria-botella.jpg?id=893) !important;background-position: center !important;background-repeat: no-repeat !important;background-size: cover !important;}&#8221; offset=&#8221;vc_hidden-xs&#8221;][\/vc_column][vc_column width=&#8221;1\/2&#8243; css=&#8221;.vc_custom_1498134290661{margin-top: 0px !important;margin-bottom: 0px !important;padding-top: 0px !important;padding-bottom: 0px !important;}&#8221;][vc_row_inner css=&#8221;.vc_custom_1497426192866{padding-top: 30px !important;padding-bottom: 10px !important;}&#8221;][vc_column_inner width=&#8221;1\/12&#8243;][\/vc_column_inner][vc_column_inner width=&#8221;2\/3&#8243; css=&#8221;.vc_custom_1496074225301{padding-right: 30px !important;padding-left: 30px !important;}&#8221;][vc_column_text]<\/p>\n<h3 style=\"text-align: left;\">Products Marqu\u00e9s de Valdueza<\/h3>\n<p>[\/vc_column_text][vc_separator color=&#8221;custom&#8221; align=&#8221;align_left&#8221; border_width=&#8221;2&#8243; el_width=&#8221;10&#8243; css=&#8221;.vc_custom_1496214126544{padding-top: 5px !important;padding-bottom: 10px !important;}&#8221; accent_color=&#8221;#670525&#8243;][vc_column_text]The products Marqu\u00e9s de Valdueza (and Merula) are produced on the Perales de Valdueza Estate, intimately intertwined with the family history for many generations and situated in the vicinity of the city of M\u00e9rida (Extremadura). This city, Emerita Augusta, was the capital of the province, Lusitana, of the Roman Empire. As was customary, Rome established its greatest cities on land where the best grapevines and olive trees could be cultivated.[\/vc_column_text][vc_btn title=&#8221;All the Products&#8221; style=&#8221;custom&#8221; custom_background=&#8221;#670525&#8243; custom_text=&#8221;#ffffff&#8221; shape=&#8221;square&#8221; align=&#8221;left&#8221; link=&#8221;url:http%3A%2F%2Fmarquesdevaldueza.com%2Fen%2Fproducts%2F|||&#8221;][\/vc_column_inner][vc_column_inner width=&#8221;1\/6&#8243;][\/vc_column_inner][\/vc_row_inner][\/vc_column][\/vc_row][vc_row content_placement=&#8221;middle&#8221; css=&#8221;.vc_custom_1496074350250{margin-top: 50px !important;margin-bottom: 50px !important;}&#8221;][vc_column width=&#8221;1\/2&#8243; offset=&#8221;vc_hidden-sm vc_hidden-xs&#8221;][vc_column_text]<\/p>\n<h3>Commitment with the Environment<\/h3>\n<p>[\/vc_column_text][vc_separator color=&#8221;custom&#8221; align=&#8221;align_left&#8221; border_width=&#8221;2&#8243; el_width=&#8221;10&#8243; css=&#8221;.vc_custom_1496214136397{padding-top: 5px !important;padding-bottom: 10px !important;}&#8221; accent_color=&#8221;#670525&#8243;][vc_column_text]As our family has done for many centuries, we place enormous importance on the conservation of the environment, and for this reason our crops are raised only using methods that respect nature.<\/p>\n<p>Faithful to the importance of combining tradition and technology as the basis to achieve the maximum quality of the products produced on our Estate, for the last three decades there has been a profound agricultural transformation at Perales. The indisputable result has been the excellent quality and recognition of our extra virgin olive oil, red wine, red wine vinegar, and honey Marqu\u00e9s de Valdueza and Merula.[\/vc_column_text][\/vc_column][vc_column width=&#8221;1\/2&#8243; offset=&#8221;vc_hidden-sm vc_hidden-xs&#8221;][vc_row_inner gap=&#8221;5&#8243; css=&#8221;.vc_custom_1496067870561{padding-left: 0px !important;}&#8221;][vc_column_inner width=&#8221;1\/2&#8243; css=&#8221;.vc_custom_1496067866065{padding-right: 0px !important;}&#8221;][vc_single_image image=&#8221;915&#8243; img_size=&#8221;270&#215;350&#8243; alignment=&#8221;right&#8221; css=&#8221;.vc_custom_1496069348711{padding-right: 0px !important;}&#8221;][\/vc_column_inner][vc_column_inner width=&#8221;1\/2&#8243;][vc_single_image image=&#8221;916&#8243; img_size=&#8221;270&#215;350&#8243; alignment=&#8221;right&#8221; css=&#8221;.vc_custom_1496069353124{padding-left: 0px !important;}&#8221;][\/vc_column_inner][\/vc_row_inner][\/vc_column][\/vc_row][vc_row content_placement=&#8221;middle&#8221; css=&#8221;.vc_custom_1496074350250{margin-top: 50px !important;margin-bottom: 50px !important;}&#8221;][vc_column offset=&#8221;vc_hidden-lg vc_hidden-md&#8221;][vc_column_text]<\/p>\n<h3>Commitment with the Environment<\/h3>\n<p>[\/vc_column_text][vc_separator color=&#8221;custom&#8221; align=&#8221;align_left&#8221; border_width=&#8221;2&#8243; el_width=&#8221;10&#8243; css=&#8221;.vc_custom_1496214136397{padding-top: 5px !important;padding-bottom: 10px !important;}&#8221; accent_color=&#8221;#670525&#8243;][vc_column_text]As our family has done for many centuries, we place enormous importance on the conservation of the environment, and for this reason our crops are raised only using methods that respect nature.<\/p>\n<p>Faithful to the importance of combining tradition and technology as the basis to achieve the maximum quality of the products produced on our Estate, for the last three decades there has been a profound agricultural transformation at Perales. The indisputable result has been the excellent quality and recognition of our extra virgin olive oil, red wine, red wine vinegar, and honey Marqu\u00e9s de Valdueza and Merula.[\/vc_column_text][vc_row_inner gap=&#8221;5&#8243; css=&#8221;.vc_custom_1497426267929{margin-right: 5px !important;}&#8221;][vc_column_inner width=&#8221;1\/2&#8243; css=&#8221;.vc_custom_1497426281272{padding-right: 0px !important;}&#8221;][vc_single_image image=&#8221;915&#8243; img_size=&#8221;270&#215;350&#8243; css=&#8221;.vc_custom_1497426286800{padding-right: 0px !important;}&#8221;][\/vc_column_inner][vc_column_inner width=&#8221;1\/2&#8243; css=&#8221;.vc_custom_1497426274876{margin-left: 5px !important;}&#8221;][vc_single_image image=&#8221;916&#8243; img_size=&#8221;270&#215;350&#8243; alignment=&#8221;right&#8221; css=&#8221;.vc_custom_1496069353124{padding-left: 0px !important;}&#8221;][\/vc_column_inner][\/vc_row_inner][\/vc_column][\/vc_row]<\/p>\n<\/div>","protected":false},"excerpt":{"rendered":"<p>[vc_row full_width=&#8221;stretch_row&#8221; content_placement=&#8221;middle&#8221; css=&#8221;.vc_custom_1496758951140{padding-top: 190px !important;padding-bottom: 190px !important;background-image: url(http:\/\/marquesdevaldueza.com\/wp-content\/uploads\/2017\/05\/maques-de-valdueza-cabecera-1.png?id=1450) !important;background-position: center !important;background-repeat: no-repeat !important;background-size: cover !important;}&#8221;][vc_column][vc_column_text] OUR HISTORY [\/vc_column_text][\/vc_column][\/vc_row][vc_row gap=&#8221;10&#8243; content_placement=&#8221;middle&#8221; css=&#8221;.vc_custom_1496074388546{margin-top: 72px !important;margin-bottom: 30px !important;}&#8221;][vc_column width=&#8221;1\/2&#8243; offset=&#8221;vc_hidden-sm vc_hidden-xs&#8221;][vc_row_inner][vc_column_inner][vc_column_text] A Family Tradition [\/vc_column_text][vc_separator color=&#8221;custom&#8221; align=&#8221;align_left&#8221; border_width=&#8221;2&#8243; el_width=&#8221;10&#8243; css=&#8221;.vc_custom_1496214112693{padding-top: 5px !important;padding-bottom: 10px !important;}&#8221; accent_color=&#8221;#670525&#8243;][vc_column_text]Historians know the name Valdueza for the relevance of the \u00c1lvarez de Toledo family in the history of Spain, Europe, and America. Romantics will tell you that we are one of the last families that still drives cattle<span class=\"excerpt-hellip\"> [\u2026]<\/span><\/p>\n","protected":false},"author":4,"featured_media":0,"parent":0,"menu_order":0,"comment_status":"closed","ping_status":"closed","template":"","meta":{"footnotes":""},"yoast_head":"<!-- This site is optimized with the Yoast SEO plugin v22.6 - https:\/\/yoast.com\/wordpress\/plugins\/seo\/ -->\n<title>ABOUT US | Marqu\u00e9s de Valdueza<\/title>\n<meta name=\"robots\" content=\"index, follow, max-snippet:-1, max-image-preview:large, max-video-preview:-1\" \/>\n<link rel=\"canonical\" href=\"https:\/\/marquesdevaldueza.com\/en\/about-us\/\" \/>\n<meta property=\"og:locale\" content=\"en_US\" \/>\n<meta property=\"og:type\" content=\"article\" \/>\n<meta property=\"og:title\" content=\"ABOUT US | Marqu\u00e9s de Valdueza\" \/>\n<meta property=\"og:description\" content=\"[vc_row full_width=&#8221;stretch_row&#8221; content_placement=&#8221;middle&#8221; css=&#8221;.vc_custom_1496758951140{padding-top: 190px !important;padding-bottom: 190px !important;background-image: url(http:\/\/marquesdevaldueza.com\/wp-content\/uploads\/2017\/05\/maques-de-valdueza-cabecera-1.png?id=1450) !important;background-position: center !important;background-repeat: no-repeat !important;background-size: cover !important;}&#8221;][vc_column][vc_column_text] OUR HISTORY [\/vc_column_text][\/vc_column][\/vc_row][vc_row gap=&#8221;10&#8243; content_placement=&#8221;middle&#8221; css=&#8221;.vc_custom_1496074388546{margin-top: 72px !important;margin-bottom: 30px !important;}&#8221;][vc_column width=&#8221;1\/2&#8243; offset=&#8221;vc_hidden-sm vc_hidden-xs&#8221;][vc_row_inner][vc_column_inner][vc_column_text] A Family Tradition [\/vc_column_text][vc_separator color=&#8221;custom&#8221; align=&#8221;align_left&#8221; border_width=&#8221;2&#8243; el_width=&#8221;10&#8243; css=&#8221;.vc_custom_1496214112693{padding-top: 5px !important;padding-bottom: 10px !important;}&#8221; accent_color=&#8221;#670525&#8243;][vc_column_text]Historians know the name Valdueza for the relevance of the \u00c1lvarez de Toledo family in the history of Spain, Europe, and America. Romantics will tell you that we are one of the last families that still drives cattle [\u2026]\" \/>\n<meta property=\"og:url\" content=\"https:\/\/marquesdevaldueza.com\/en\/about-us\/\" \/>\n<meta property=\"og:site_name\" content=\"Marqu\u00e9s de Valdueza\" \/>\n<meta property=\"article:modified_time\" content=\"2017-06-28T14:53:44+00:00\" \/>\n<meta name=\"twitter:card\" content=\"summary_large_image\" \/>\n<meta name=\"twitter:label1\" content=\"Est. reading time\" \/>\n\t<meta name=\"twitter:data1\" content=\"7 minutes\" \/>\n<script type=\"application\/ld+json\" class=\"yoast-schema-graph\">{\"@context\":\"https:\/\/schema.org\",\"@graph\":[{\"@type\":\"WebPage\",\"@id\":\"https:\/\/marquesdevaldueza.com\/en\/about-us\/\",\"url\":\"https:\/\/marquesdevaldueza.com\/en\/about-us\/\",\"name\":\"ABOUT US | Marqu\u00e9s de Valdueza\",\"isPartOf\":{\"@id\":\"https:\/\/marquesdevaldueza.com\/en\/#website\"},\"datePublished\":\"2017-05-23T07:58:05+00:00\",\"dateModified\":\"2017-06-28T14:53:44+00:00\",\"breadcrumb\":{\"@id\":\"https:\/\/marquesdevaldueza.com\/en\/about-us\/#breadcrumb\"},\"inLanguage\":\"en-US\",\"potentialAction\":[{\"@type\":\"ReadAction\",\"target\":[\"https:\/\/marquesdevaldueza.com\/en\/about-us\/\"]}]},{\"@type\":\"BreadcrumbList\",\"@id\":\"https:\/\/marquesdevaldueza.com\/en\/about-us\/#breadcrumb\",\"itemListElement\":[{\"@type\":\"ListItem\",\"position\":1,\"name\":\"Portada\",\"item\":\"https:\/\/marquesdevaldueza.com\/en\/\"},{\"@type\":\"ListItem\",\"position\":2,\"name\":\"ABOUT US\"}]},{\"@type\":\"WebSite\",\"@id\":\"https:\/\/marquesdevaldueza.com\/en\/#website\",\"url\":\"https:\/\/marquesdevaldueza.com\/en\/\",\"name\":\"Marqu\u00e9s de Valdueza\",\"description\":\"Bodega Vinos y productos Marqu\u00e9s de Valdueza \",\"publisher\":{\"@id\":\"https:\/\/marquesdevaldueza.com\/en\/#organization\"},\"potentialAction\":[{\"@type\":\"SearchAction\",\"target\":{\"@type\":\"EntryPoint\",\"urlTemplate\":\"https:\/\/marquesdevaldueza.com\/en\/?s={search_term_string}\"},\"query-input\":\"required name=search_term_string\"}],\"inLanguage\":\"en-US\"},{\"@type\":\"Organization\",\"@id\":\"https:\/\/marquesdevaldueza.com\/en\/#organization\",\"name\":\"Marqu\u00e9s de Valdueza\",\"url\":\"https:\/\/marquesdevaldueza.com\/en\/\",\"logo\":{\"@type\":\"ImageObject\",\"inLanguage\":\"en-US\",\"@id\":\"https:\/\/marquesdevaldueza.com\/en\/#\/schema\/logo\/image\/\",\"url\":\"https:\/\/marquesdevaldueza.com\/wp-content\/uploads\/2018\/06\/Marques-de-Valdueza.jpg\",\"contentUrl\":\"https:\/\/marquesdevaldueza.com\/wp-content\/uploads\/2018\/06\/Marques-de-Valdueza.jpg\",\"width\":500,\"height\":500,\"caption\":\"Marqu\u00e9s de Valdueza\"},\"image\":{\"@id\":\"https:\/\/marquesdevaldueza.com\/en\/#\/schema\/logo\/image\/\"}}]}<\/script>\n<!-- \/ Yoast SEO plugin. -->","yoast_head_json":{"title":"ABOUT US | Marqu\u00e9s de Valdueza","robots":{"index":"index","follow":"follow","max-snippet":"max-snippet:-1","max-image-preview":"max-image-preview:large","max-video-preview":"max-video-preview:-1"},"canonical":"https:\/\/marquesdevaldueza.com\/en\/about-us\/","og_locale":"en_US","og_type":"article","og_title":"ABOUT US | Marqu\u00e9s de Valdueza","og_description":"[vc_row full_width=&#8221;stretch_row&#8221; content_placement=&#8221;middle&#8221; css=&#8221;.vc_custom_1496758951140{padding-top: 190px !important;padding-bottom: 190px !important;background-image: url(http:\/\/marquesdevaldueza.com\/wp-content\/uploads\/2017\/05\/maques-de-valdueza-cabecera-1.png?id=1450) !important;background-position: center !important;background-repeat: no-repeat !important;background-size: cover !important;}&#8221;][vc_column][vc_column_text] OUR HISTORY [\/vc_column_text][\/vc_column][\/vc_row][vc_row gap=&#8221;10&#8243; content_placement=&#8221;middle&#8221; css=&#8221;.vc_custom_1496074388546{margin-top: 72px !important;margin-bottom: 30px !important;}&#8221;][vc_column width=&#8221;1\/2&#8243; offset=&#8221;vc_hidden-sm vc_hidden-xs&#8221;][vc_row_inner][vc_column_inner][vc_column_text] A Family Tradition [\/vc_column_text][vc_separator color=&#8221;custom&#8221; align=&#8221;align_left&#8221; border_width=&#8221;2&#8243; el_width=&#8221;10&#8243; css=&#8221;.vc_custom_1496214112693{padding-top: 5px !important;padding-bottom: 10px !important;}&#8221; accent_color=&#8221;#670525&#8243;][vc_column_text]Historians know the name Valdueza for the relevance of the \u00c1lvarez de Toledo family in the history of Spain, Europe, and America. Romantics will tell you that we are one of the last families that still drives cattle [\u2026]","og_url":"https:\/\/marquesdevaldueza.com\/en\/about-us\/","og_site_name":"Marqu\u00e9s de Valdueza","article_modified_time":"2017-06-28T14:53:44+00:00","twitter_card":"summary_large_image","twitter_misc":{"Est. reading time":"7 minutes"},"schema":{"@context":"https:\/\/schema.org","@graph":[{"@type":"WebPage","@id":"https:\/\/marquesdevaldueza.com\/en\/about-us\/","url":"https:\/\/marquesdevaldueza.com\/en\/about-us\/","name":"ABOUT US | Marqu\u00e9s de Valdueza","isPartOf":{"@id":"https:\/\/marquesdevaldueza.com\/en\/#website"},"datePublished":"2017-05-23T07:58:05+00:00","dateModified":"2017-06-28T14:53:44+00:00","breadcrumb":{"@id":"https:\/\/marquesdevaldueza.com\/en\/about-us\/#breadcrumb"},"inLanguage":"en-US","potentialAction":[{"@type":"ReadAction","target":["https:\/\/marquesdevaldueza.com\/en\/about-us\/"]}]},{"@type":"BreadcrumbList","@id":"https:\/\/marquesdevaldueza.com\/en\/about-us\/#breadcrumb","itemListElement":[{"@type":"ListItem","position":1,"name":"Portada","item":"https:\/\/marquesdevaldueza.com\/en\/"},{"@type":"ListItem","position":2,"name":"ABOUT US"}]},{"@type":"WebSite","@id":"https:\/\/marquesdevaldueza.com\/en\/#website","url":"https:\/\/marquesdevaldueza.com\/en\/","name":"Marqu\u00e9s de Valdueza","description":"Bodega Vinos y productos Marqu\u00e9s de Valdueza ","publisher":{"@id":"https:\/\/marquesdevaldueza.com\/en\/#organization"},"potentialAction":[{"@type":"SearchAction","target":{"@type":"EntryPoint","urlTemplate":"https:\/\/marquesdevaldueza.com\/en\/?s={search_term_string}"},"query-input":"required name=search_term_string"}],"inLanguage":"en-US"},{"@type":"Organization","@id":"https:\/\/marquesdevaldueza.com\/en\/#organization","name":"Marqu\u00e9s de Valdueza","url":"https:\/\/marquesdevaldueza.com\/en\/","logo":{"@type":"ImageObject","inLanguage":"en-US","@id":"https:\/\/marquesdevaldueza.com\/en\/#\/schema\/logo\/image\/","url":"https:\/\/marquesdevaldueza.com\/wp-content\/uploads\/2018\/06\/Marques-de-Valdueza.jpg","contentUrl":"https:\/\/marquesdevaldueza.com\/wp-content\/uploads\/2018\/06\/Marques-de-Valdueza.jpg","width":500,"height":500,"caption":"Marqu\u00e9s de Valdueza"},"image":{"@id":"https:\/\/marquesdevaldueza.com\/en\/#\/schema\/logo\/image\/"}}]}},"_links":{"self":[{"href":"https:\/\/marquesdevaldueza.com\/en\/wp-json\/wp\/v2\/pages\/1626"}],"collection":[{"href":"https:\/\/marquesdevaldueza.com\/en\/wp-json\/wp\/v2\/pages"}],"about":[{"href":"https:\/\/marquesdevaldueza.com\/en\/wp-json\/wp\/v2\/types\/page"}],"author":[{"embeddable":true,"href":"https:\/\/marquesdevaldueza.com\/en\/wp-json\/wp\/v2\/users\/4"}],"replies":[{"embeddable":true,"href":"https:\/\/marquesdevaldueza.com\/en\/wp-json\/wp\/v2\/comments?post=1626"}],"version-history":[{"count":0,"href":"https:\/\/marquesdevaldueza.com\/en\/wp-json\/wp\/v2\/pages\/1626\/revisions"}],"wp:attachment":[{"href":"https:\/\/marquesdevaldueza.com\/en\/wp-json\/wp\/v2\/media?parent=1626"}],"curies":[{"name":"wp","href":"https:\/\/api.w.org\/{rel}","templated":true}]}}